{"id":153,"date":"2024-08-08T00:04:36","date_gmt":"2024-08-08T00:04:36","guid":{"rendered":"https:\/\/ayto4.accesia.info\/?page_id=153"},"modified":"2024-10-04T18:12:00","modified_gmt":"2024-10-04T18:12:00","slug":"salutacio-de-lalcalde","status":"publish","type":"page","link":"https:\/\/sellent.es\/es\/ajuntament\/salutacio-de-lalcalde\/","title":{"rendered":"Saludo del alcalde"},"content":{"rendered":"<!--themify_builder_content-->\n<div id=\"themify_builder_content-153\" data-postid=\"153\" class=\"themify_builder_content themify_builder_content-153 themify_builder tf_clear\">\n                    <div  data-css_id=\"x3dx116\" data-lazy=\"1\" class=\"module_row themify_builder_row fullwidth_row_container tb_x3dx116 tb_first tf_w wow\" data-tf-animation=\"fadeIn\">\n            <span  class=\"builder_row_cover tf_abs\" data-lazy=\"1\"><\/span>            <div class=\"row_inner col_align_top tb_col_count_1 tf_box tf_rel\">\n                        <div  data-lazy=\"1\" class=\"module_column tb-column col-full tb_n1qs117 first\">\n                    <!-- module text -->\n<div  class=\"module module-text tb_2hag117    wow\" data-tf-animation=\"fadeInUp\" data-lazy=\"1\">\n        <div  class=\"tb_text_wrap\">\n        <h1>Saludo del alcalde<\/h1>    <\/div>\n<\/div>\n<!-- \/module text -->        <\/div>\n                        <\/div>\n        <\/div>\n                        <div  data-lazy=\"1\" class=\"module_row themify_builder_row tb_76u6860 tf_w\">\n                        <div class=\"row_inner col_align_top tb_col_count_2 tf_box tf_rel\">\n                        <div  data-lazy=\"1\" class=\"module_column tb-column col4-2 tb_72dl661 first\">\n                    <!-- module text -->\n<div  class=\"module module-text tb_pihg061    wow\" data-tf-animation=\"fadeInLeft\" data-lazy=\"1\">\n        <div  class=\"tb_text_wrap\">\n        <p><b>Un nuevo portal m\u00e1s accesible, din\u00e1mico, interactivo y al alcance de toda nuestra ciudadan\u00eda.<\/b>. Vivimos en la sociedad de la informaci\u00f3n y la comunicaci\u00f3n digital se ha puesto en cabeza de las nuevas tecnolog\u00edas.<\/p>\n<p>El Ayuntamiento de Sellent asume<b> nuevos retos <\/b>y da un paso m\u00e1s hacia la modernizaci\u00f3n de la administraci\u00f3n. Es por eso que existe este portal, vuestra web, vuestro Ayuntamiento digital.<b> Es un placer daros la bienvenida a esta web del Ayuntamiento de Sellent<\/b>, un lugar desde el que queremos facilitar el acceso a toda la informaci\u00f3n municipal; en definitiva, una puerta abierta al Ayuntamiento.\u00a0<\/p>\n<p>Por eso,<b> nuestra web<\/b> tambi\u00e9n <b>facilita el acceso a todas las personas mayores ya aquellas con discapacidad visual o auditiva<\/b> a trav\u00e9s de<b>AdA <\/b>(Asistente de Accesibilidad) que incluye <b>lengua de signos, locuciones y pictogramas, entre otras muchas funcionalidades.<\/b><\/p>\n<p>Tenemos <b>mucha ilusi\u00f3n de trabajar por nuestro pueblo<\/b>, queremos que sea una <b>ciudadan\u00eda activa<\/b> donde cualquier duda o sugerencia nos la traslade porque podemos trabajar con ella. Entre todos y todas vamos a situar a Sellent en el sitio que se merece.<\/p>\n<p>Daros las <b>gracias por parte de la corporaci\u00f3n por confiar en nosotros y darnos esta oportunidad de regir nuestra localidad<\/b>.<\/p>\n<p><b>Queremos trabajar para todos y todas vosotros<\/b> que participeis e interact\u00faeis con nosotros. Queremos que forme parte del Ayuntamiento.<\/p>    <\/div>\n<\/div>\n<!-- \/module text --><!-- module text -->\n<div  class=\"module module-text tb_ztak130    wow\" data-tf-animation=\"fadeInLeft\" data-lazy=\"1\">\n        <div  class=\"tb_text_wrap\">\n        <p><strong>\u2013 JORDI SAN MART\u00cdN BONO, <\/strong><strong>ALCALDE DE SELLENT<\/strong><\/p>    <\/div>\n<\/div>\n<!-- \/module text -->        <\/div>\n                    <div  data-lazy=\"1\" class=\"module_column tb-column col4-2 tb_re7r209 last\">\n                    <!-- module image -->\n<div  class=\"module module-image tb_6f29396 image-top drop-shadow  tf_mw wow\" data-tf-animation=\"fadeInRight\" data-lazy=\"1\">\n        <div class=\"image-wrap tf_rel tf_mw\">\n            <img loading=\"lazy\" decoding=\"async\" src=\"https:\/\/sellent.es\/wp-content\/uploads\/2023\/07\/f5859027-091a-46f0-9fad-721b8c51b8bf-1024x784-462x701.jpg\" width=\"462\" height=\"701\" class=\"wp-post-image wp-image-3151\" title=\"f5859027-091a-46f0-9fad-721b8c51b8bf\" alt=\"f5859027-091a-46f0-9fad-721b8c51b8bf\">    \n        <\/div>\n    <!-- \/image-wrap -->\n    \n        <\/div>\n<!-- \/module image -->        <\/div>\n                        <\/div>\n        <\/div>\n        <\/div>\n<!--\/themify_builder_content-->","protected":false},"excerpt":{"rendered":"<p>Salutaci\u00f3 de l&#8217;alcalde Un nou portal m\u00e9s accessible, din\u00e0mic, interactiu i a l\u2019abast de tota la nostra ciutadania. Vivim en la societat de la informaci\u00f3 i la comunicaci\u00f3 digital s\u2019ha posat al capdavant de les noves tecnologies. L\u2019Ajuntament de Sellent assumeix nous reptes i fa un pas m\u00e9s cap a la modernitzaci\u00f3 de l\u2019administraci\u00f3. Per [&hellip;]<\/p>\n","protected":false},"author":1,"featured_media":0,"parent":41,"menu_order":0,"comment_status":"closed","ping_status":"closed","template":"","meta":{"footnotes":""},"class_list":["post-153","page","type-page","status-publish","hentry","has-post-title","has-post-date","has-post-category","has-post-tag","has-post-comment","has-post-author",""],"builder_content":"<h1>Salutaci\u00f3 de l'alcalde<\/h1>\n<p><b>Un nou portal m\u00e9s accessible, din\u00e0mic, interactiu i a l\u2019abast de tota la nostra ciutadania<\/b>. Vivim en la societat de la informaci\u00f3 i la comunicaci\u00f3 digital s\u2019ha posat al capdavant de les noves tecnologies.<\/p> <p>L\u2019Ajuntament de Sellent assumeix<b> nous reptes <\/b>i fa un pas m\u00e9s cap a la modernitzaci\u00f3 de l\u2019administraci\u00f3. Per aix\u00f2 d\u2019aquesta web, la vostra web, el vostre Ajuntament digital.<b> \u00c9s un plaer donar-vos la benvinguda a esta web de l\u2019Ajuntament de Sellent<\/b>, un lloc des d\u2019on volem facilitar l\u2019acc\u00e9s a tota la informaci\u00f3 municipal; en definitiva, una porta oberta a l\u2019Ajuntament.\u00a0<\/p> <p>Per aix\u00f2,<b> la nostra web<\/b> tamb\u00e9 <b>facilita l\u2019acc\u00e9s a totes les persones majors i a aquelles amb discapacitat visual o auditiva<\/b> a trav\u00e9s d'<b>AdA <\/b>(Asistent d'Accessibilitat) que inclou <b>llengua de signes, locucions i pictogrames, entre moltes altres funcionalitats.<\/b><\/p> <p>Tenim <b>molta il\u00b7lusi\u00f3 de treballar pel nostre poble<\/b>, volem que sigueu una <b>ciutadania activa<\/b> on qualsevol dubte o suggeriment ens la traslladeu perqu\u00e8 podem treballar amb ella. Entre tots i totes anem a situar a Sellent al lloc que es mereix.<\/p> <p>Donar-vos les <b>gr\u00e0cies per part de la corporaci\u00f3 per confiar en nosaltres i donar-nos aquesta oportunitat de regir la nostra localitat<\/b>.<\/p> <p><b>Volem treballar per a tots i totes vosaltres<\/b> i que participeu e interactueu amb nosaltres. Volem que formeu part del vostre Ajuntament.<\/p>\n<p><strong>-\u00a0 JORDI SAN MART\u00cdN BONO, <\/strong><strong>ALCALDE DE SELLENT<\/strong><\/p>\n<img src=\"https:\/\/sellent.es\/wp-content\/uploads\/2023\/07\/f5859027-091a-46f0-9fad-721b8c51b8bf-1024x784-462x701.jpg\" width=\"462\" height=\"701\" title=\"f5859027-091a-46f0-9fad-721b8c51b8bf\" alt=\"f5859027-091a-46f0-9fad-721b8c51b8bf\">","_links":{"self":[{"href":"https:\/\/sellent.es\/es\/wp-json\/wp\/v2\/pages\/153","targetHints":{"allow":["GET"]}}],"collection":[{"href":"https:\/\/sellent.es\/es\/wp-json\/wp\/v2\/pages"}],"about":[{"href":"https:\/\/sellent.es\/es\/wp-json\/wp\/v2\/types\/page"}],"author":[{"embeddable":true,"href":"https:\/\/sellent.es\/es\/wp-json\/wp\/v2\/users\/1"}],"replies":[{"embeddable":true,"href":"https:\/\/sellent.es\/es\/wp-json\/wp\/v2\/comments?post=153"}],"version-history":[{"count":29,"href":"https:\/\/sellent.es\/es\/wp-json\/wp\/v2\/pages\/153\/revisions"}],"predecessor-version":[{"id":4355,"href":"https:\/\/sellent.es\/es\/wp-json\/wp\/v2\/pages\/153\/revisions\/4355"}],"up":[{"embeddable":true,"href":"https:\/\/sellent.es\/es\/wp-json\/wp\/v2\/pages\/41"}],"wp:attachment":[{"href":"https:\/\/sellent.es\/es\/wp-json\/wp\/v2\/media?parent=153"}],"curies":[{"name":"wp","href":"https:\/\/api.w.org\/{rel}","templated":true}]}}