{"id":155,"date":"2024-08-08T00:04:40","date_gmt":"2024-08-08T00:04:40","guid":{"rendered":"https:\/\/ayto4.accesia.info\/?page_id=155"},"modified":"2024-10-04T17:59:07","modified_gmt":"2024-10-04T17:59:07","slug":"corporacio-municipal","status":"publish","type":"page","link":"https:\/\/sellent.es\/es\/ajuntament\/corporacio-municipal\/","title":{"rendered":"Corporaci\u00f3n municipal"},"content":{"rendered":"<!--themify_builder_content-->\n<div id=\"themify_builder_content-155\" data-postid=\"155\" class=\"themify_builder_content themify_builder_content-155 themify_builder tf_clear\">\n                    <div  data-css_id=\"x3dx116\" data-lazy=\"1\" class=\"module_row themify_builder_row fullwidth_row_container tb_x3dx116 tb_first tf_w wow\" data-tf-animation=\"fadeIn\">\n            <span  class=\"builder_row_cover tf_abs\" data-lazy=\"1\"><\/span>            <div class=\"row_inner col_align_top tb_col_count_1 tf_box tf_rel\">\n                        <div  data-lazy=\"1\" class=\"module_column tb-column col-full tb_n1qs117 first\">\n                    <!-- module text -->\n<div  class=\"module module-text tb_2hag117    wow\" data-tf-animation=\"fadeInUp\" data-lazy=\"1\">\n        <div  class=\"tb_text_wrap\">\n        <h1>Corporaci\u00f3n municipal<\/h1>    <\/div>\n<\/div>\n<!-- \/module text -->        <\/div>\n                        <\/div>\n        <\/div>\n                        <div  data-lazy=\"1\" class=\"module_row themify_builder_row lawyers-section tb_5fr1005 tf_w\">\n                        <div class=\"row_inner col_align_top tb_col_count_1 tf_box tf_rel\">\n                        <div  data-lazy=\"1\" class=\"module_column tb-column col-full tb_1tgo607 first\">\n                            <div  data-lazy=\"1\" class=\"module_subrow themify_builder_sub_row tf_w col_align_top tb_col_count_2 tb_zo09255\">\n                <div  data-lazy=\"1\" class=\"module_column sub_column col4-2 tb_1b88256 first\">\n                    <!-- module image -->\n<div  class=\"module module-image tb_6tw5257 image-center   auto_fullwidth tf_mw wow\" data-tf-animation=\"fadeInUp\" data-lazy=\"1\">\n        <div class=\"image-wrap tf_rel tf_mw\">\n            <img loading=\"lazy\" decoding=\"async\" src=\"https:\/\/sellent.es\/wp-content\/uploads\/2023\/07\/f5859027-091a-46f0-9fad-721b8c51b8bf-copia-542x406.jpg\" width=\"542\" height=\"406\" class=\"wp-post-image wp-image-3155\" title=\"Jordi San Mart\u00edn Bono\" alt=\"Alcalde\">    \n        <\/div>\n    <!-- \/image-wrap -->\n    \n        <div class=\"image-content\">\n                    <h3 class=\"image-title\">\n                                    Jordi San Mart\u00edn Bono                            <\/h3>\n                        <div class=\"image-caption tb_text_wrap\">\n            Alcalde        <\/div>\n        <!-- \/image-caption -->\n            <\/div>\n    <!-- \/image-content -->\n        <\/div>\n<!-- \/module image -->        <\/div>\n                    <div  data-lazy=\"1\" class=\"module_column sub_column col4-2 tb_w7e2257 last\">\n                    <!-- module image -->\n<div  class=\"module module-image tb_7tni257 image-center   auto_fullwidth tf_mw wow\" data-tf-animation=\"fadeInUp\" data-lazy=\"1\">\n        <div class=\"image-wrap tf_rel tf_mw\">\n            <img loading=\"lazy\" decoding=\"async\" src=\"https:\/\/sellent.es\/wp-content\/uploads\/2023\/07\/d3ca7826-5f15-4263-8259-a316ac77fa14-copia-542x414.jpg\" width=\"542\" height=\"414\" class=\"wp-post-image wp-image-3157\" title=\"Maria Lucia Hern\u00e1ndez Roig\" alt=\"Tinent Alcalde.Regidories: Educaci\u00f3, Joves i inf\u00e0ncia, Noves tecnologies, Drets socials i Atenci\u00f3 als majors.\">    \n        <\/div>\n    <!-- \/image-wrap -->\n    \n        <div class=\"image-content\">\n                    <h3 class=\"image-title\">\n                                    Maria Lucia Hern\u00e1ndez Roig                            <\/h3>\n                        <div class=\"image-caption tb_text_wrap\">\n            Teniente Alcalde. Concejal\u00edas: Educaci\u00f3n, J\u00f3venes e infancia, Nuevas tecnolog\u00edas, Derechos sociales y Atenci\u00f3n a los mayores.        <\/div>\n        <!-- \/image-caption -->\n            <\/div>\n    <!-- \/image-content -->\n        <\/div>\n<!-- \/module image -->        <\/div>\n                    <\/div>\n                <div  data-lazy=\"1\" class=\"module_subrow themify_builder_sub_row tf_w col_align_top tb_col_count_2 tb_j5et110\">\n                <div  data-lazy=\"1\" class=\"module_column sub_column col4-2 tb_8thw110 first\">\n                    <!-- module image -->\n<div  class=\"module module-image tb_2hol110 image-center   auto_fullwidth tf_mw wow\" data-tf-animation=\"fadeInUp\" data-lazy=\"1\">\n        <div class=\"image-wrap tf_rel tf_mw\">\n            <img loading=\"lazy\" decoding=\"async\" src=\"https:\/\/sellent.es\/wp-content\/uploads\/2023\/07\/9674bc0d-8b0a-4002-b5e2-aa7405b52a36-copia-542x415.jpg\" width=\"542\" height=\"415\" class=\"wp-post-image wp-image-3159\" title=\"Francesc Hurtado Penalba\" alt=\"Regidories: Esports, Cultura i festejos i Desenvolupament urb\u00e0.\">    \n        <\/div>\n    <!-- \/image-wrap -->\n    \n        <div class=\"image-content\">\n                    <h3 class=\"image-title\">\n                                    Francesc Hurtado Penalba                            <\/h3>\n                        <div class=\"image-caption tb_text_wrap\">\n            Concejal\u00edas: Deportes, Cultura y festejos y Desarrollo urbano.        <\/div>\n        <!-- \/image-caption -->\n            <\/div>\n    <!-- \/image-content -->\n        <\/div>\n<!-- \/module image -->        <\/div>\n                    <div  data-lazy=\"1\" class=\"module_column sub_column col4-2 tb_8vp5110 last\">\n                    <!-- module image -->\n<div  class=\"module module-image tb_al16110 image-center   auto_fullwidth tf_mw wow\" data-tf-animation=\"fadeInUp\" data-lazy=\"1\">\n        <div class=\"image-wrap tf_rel tf_mw\">\n            <img loading=\"lazy\" decoding=\"async\" src=\"https:\/\/sellent.es\/wp-content\/uploads\/2024\/09\/foto-Jose-Vicente-724x1024-542x423.jpg\" width=\"542\" height=\"423\" class=\"wp-post-image wp-image-3964\" title=\"Jos\u00e9 Vicente Sanchis Gald\u00f3n\" alt=\"Regidories: Hisenda, Igualtat, Agricultura, Patrimoni rural i energies renovables.\">    \n        <\/div>\n    <!-- \/image-wrap -->\n    \n        <div class=\"image-content\">\n                    <h3 class=\"image-title\">\n                                    Jos\u00e9 Vicente Sanchis Gald\u00f3n                            <\/h3>\n                        <div class=\"image-caption tb_text_wrap\">\n            Concejal\u00edas: Hacienda, Igualdad, Agricultura, Patrimonio rural y energ\u00edas renovables.        <\/div>\n        <!-- \/image-caption -->\n            <\/div>\n    <!-- \/image-content -->\n        <\/div>\n<!-- \/module image -->        <\/div>\n                    <\/div>\n                <div  data-lazy=\"1\" class=\"module_subrow themify_builder_sub_row tf_w col_align_top tb_col_count_3 tb_nl47747\">\n                <div  data-lazy=\"1\" class=\"module_column sub_column col3-1 tb_8g8r747 first\">\n                    <!-- module image -->\n<div  class=\"module module-image tb_v15f747 image-center   auto_fullwidth tf_mw wow\" data-tf-animation=\"fadeInUp\" data-lazy=\"1\">\n        <div class=\"image-wrap tf_rel tf_mw\">\n            <img loading=\"lazy\" decoding=\"async\" src=\"https:\/\/sellent.es\/wp-content\/uploads\/2023\/07\/WhatsApp-Image-2023-07-07-at-10.45.52-361x362.jpeg\" width=\"361\" height=\"362\" class=\"wp-post-image wp-image-3173\" title=\"Raquel Sancho Reig\" alt=\"Partit Popular\" srcset=\"https:\/\/sellent.es\/wp-content\/uploads\/2023\/07\/WhatsApp-Image-2023-07-07-at-10.45.52-361x362.jpeg 361w, https:\/\/sellent.es\/wp-content\/uploads\/2023\/07\/WhatsApp-Image-2023-07-07-at-10.45.52-150x150.jpeg 150w\" sizes=\"auto, (max-width: 361px) 100vw, 361px\" \/>    \n        <\/div>\n    <!-- \/image-wrap -->\n    \n        <div class=\"image-content\">\n                    <h3 class=\"image-title\">\n                                    Raquel Sancho Reig                            <\/h3>\n                        <div class=\"image-caption tb_text_wrap\">\n            Partido Popular        <\/div>\n        <!-- \/image-caption -->\n            <\/div>\n    <!-- \/image-content -->\n        <\/div>\n<!-- \/module image -->        <\/div>\n                    <div  data-lazy=\"1\" class=\"module_column sub_column col3-1 tb_eoyy747\">\n                    <!-- module image -->\n<div  class=\"module module-image tb_7mit801 image-center   auto_fullwidth tf_mw wow\" data-tf-animation=\"fadeInUp\" data-lazy=\"1\">\n        <div class=\"image-wrap tf_rel tf_mw\">\n            <img loading=\"lazy\" decoding=\"async\" src=\"https:\/\/sellent.es\/wp-content\/uploads\/2023\/07\/02-Virginia-1024x631-361x362.jpeg\" width=\"361\" height=\"362\" class=\"wp-post-image wp-image-3169\" title=\"Virginia Artes Ortega\" alt=\"Partit Popular\" srcset=\"https:\/\/sellent.es\/wp-content\/uploads\/2023\/07\/02-Virginia-1024x631-361x362.jpeg 361w, https:\/\/sellent.es\/wp-content\/uploads\/2023\/07\/02-Virginia-150x150.jpeg 150w\" sizes=\"auto, (max-width: 361px) 100vw, 361px\" \/>    \n        <\/div>\n    <!-- \/image-wrap -->\n    \n        <div class=\"image-content\">\n                    <h3 class=\"image-title\">\n                                    Virginia Artes Ortega                            <\/h3>\n                        <div class=\"image-caption tb_text_wrap\">\n            Partido Popular\n        <\/div>\n        <!-- \/image-caption -->\n            <\/div>\n    <!-- \/image-content -->\n        <\/div>\n<!-- \/module image -->        <\/div>\n                    <div  data-lazy=\"1\" class=\"module_column sub_column col3-1 tb_7xrs756 last\">\n                    <!-- module image -->\n<div  class=\"module module-image tb_mo4i747 image-center   auto_fullwidth tf_mw wow\" data-tf-animation=\"fadeInUp\" data-lazy=\"1\">\n        <div class=\"image-wrap tf_rel tf_mw\">\n            <img loading=\"lazy\" decoding=\"async\" src=\"https:\/\/sellent.es\/wp-content\/uploads\/2023\/07\/04-Nuria-1024x596-361x387.jpeg\" width=\"361\" height=\"387\" class=\"wp-post-image wp-image-3171\" title=\"Nuria Fern\u00e1ndez Sabater\" alt=\"Partit Popular\">    \n        <\/div>\n    <!-- \/image-wrap -->\n    \n        <div class=\"image-content\">\n                    <h3 class=\"image-title\">\n                                    Nuria Fern\u00e1ndez Sabater                            <\/h3>\n                        <div class=\"image-caption tb_text_wrap\">\n            Partido Popular        <\/div>\n        <!-- \/image-caption -->\n            <\/div>\n    <!-- \/image-content -->\n        <\/div>\n<!-- \/module image -->        <\/div>\n                    <\/div>\n                <\/div>\n                        <\/div>\n        <\/div>\n        <\/div>\n<!--\/themify_builder_content-->","protected":false},"excerpt":{"rendered":"<p>Corporaci\u00f3 municipal Jordi San Mart\u00edn Bono Alcalde Maria Lucia Hern\u00e0ndez Roig Tinent Alcalde. Regidories: Educaci\u00f3, Joves i inf\u00e0ncia, Noves tecnologies, Drets socials i Atenci\u00f3 als majors. Francesc Hurtado Penalba Regidories: Esports, Cultura i festejos i Desenvolupament urb\u00e0. Jos\u00e9 Vicente Sanchis Gald\u00f3n Regidories: Hisenda, Igualtat, Agricultura, Patrimoni rural i energies renovables. Raquel Sancho Reig Partit Popular [&hellip;]<\/p>\n","protected":false},"author":1,"featured_media":0,"parent":41,"menu_order":0,"comment_status":"closed","ping_status":"closed","template":"","meta":{"footnotes":""},"class_list":["post-155","page","type-page","status-publish","hentry","has-post-title","has-post-date","has-post-category","has-post-tag","has-post-comment","has-post-author",""],"builder_content":"<h1>Corporaci\u00f3 municipal<\/h1>\n<img src=\"https:\/\/sellent.es\/wp-content\/uploads\/2023\/07\/f5859027-091a-46f0-9fad-721b8c51b8bf-copia-542x406.jpg\" width=\"542\" height=\"406\" title=\"Jordi San Mart\u00edn Bono\" alt=\"Alcalde\"> <h3> Jordi San Mart\u00edn Bono <\/h3> Alcalde\n<img src=\"https:\/\/sellent.es\/wp-content\/uploads\/2023\/07\/d3ca7826-5f15-4263-8259-a316ac77fa14-copia-542x414.jpg\" width=\"542\" height=\"414\" title=\"Maria Lucia Hern\u00e0ndez Roig\" alt=\"Tinent Alcalde.\nRegidories: Educaci\u00f3, Joves i inf\u00e0ncia, Noves tecnologies, Drets socials i Atenci\u00f3 als majors.\"> <h3> Maria Lucia Hern\u00e0ndez Roig <\/h3> Tinent Alcalde.\nRegidories: Educaci\u00f3, Joves i inf\u00e0ncia, Noves tecnologies, Drets socials i Atenci\u00f3 als majors.\n<img src=\"https:\/\/sellent.es\/wp-content\/uploads\/2023\/07\/9674bc0d-8b0a-4002-b5e2-aa7405b52a36-copia-542x415.jpg\" width=\"542\" height=\"415\" title=\"Francesc Hurtado Penalba\" alt=\"Regidories: Esports, Cultura i festejos i Desenvolupament urb\u00e0.\"> <h3> Francesc Hurtado Penalba <\/h3> Regidories: Esports, Cultura i festejos i Desenvolupament urb\u00e0.\n<img src=\"https:\/\/sellent.es\/wp-content\/uploads\/2024\/09\/foto-Jose-Vicente-724x1024-542x423.jpg\" width=\"542\" height=\"423\" title=\"Jos\u00e9 Vicente Sanchis Gald\u00f3n\" alt=\"Regidories: Hisenda, Igualtat, Agricultura, Patrimoni rural i energies renovables.\"> <h3> Jos\u00e9 Vicente Sanchis Gald\u00f3n <\/h3> Regidories: Hisenda, Igualtat, Agricultura, Patrimoni rural i energies renovables.\n<img src=\"https:\/\/sellent.es\/wp-content\/uploads\/2023\/07\/WhatsApp-Image-2023-07-07-at-10.45.52-361x362.jpeg\" width=\"361\" height=\"362\" title=\"Raquel Sancho Reig\" alt=\"Partit Popular\" srcset=\"https:\/\/sellent.es\/wp-content\/uploads\/2023\/07\/WhatsApp-Image-2023-07-07-at-10.45.52-361x362.jpeg 361w, https:\/\/sellent.es\/wp-content\/uploads\/2023\/07\/WhatsApp-Image-2023-07-07-at-10.45.52-150x150.jpeg 150w\" sizes=\"(max-width: 361px) 100vw, 361px\" \/> <h3> Raquel Sancho Reig <\/h3> Partit Popular\n<img src=\"https:\/\/sellent.es\/wp-content\/uploads\/2023\/07\/02-Virginia-1024x631-361x362.jpeg\" width=\"361\" height=\"362\" title=\"Virginia Artes Ortega\" alt=\"Partit Popular\" srcset=\"https:\/\/sellent.es\/wp-content\/uploads\/2023\/07\/02-Virginia-1024x631-361x362.jpeg 361w, https:\/\/sellent.es\/wp-content\/uploads\/2023\/07\/02-Virginia-150x150.jpeg 150w\" sizes=\"(max-width: 361px) 100vw, 361px\" \/> <h3> Virginia Artes Ortega <\/h3> Partit Popular\n<img src=\"https:\/\/sellent.es\/wp-content\/uploads\/2023\/07\/04-Nuria-1024x596-361x387.jpeg\" width=\"361\" height=\"387\" title=\"Nuria Fern\u00e1ndez Sabater\" alt=\"Partit Popular\"> <h3> Nuria Fern\u00e1ndez Sabater <\/h3> Partit Popular","_links":{"self":[{"href":"https:\/\/sellent.es\/es\/wp-json\/wp\/v2\/pages\/155","targetHints":{"allow":["GET"]}}],"collection":[{"href":"https:\/\/sellent.es\/es\/wp-json\/wp\/v2\/pages"}],"about":[{"href":"https:\/\/sellent.es\/es\/wp-json\/wp\/v2\/types\/page"}],"author":[{"embeddable":true,"href":"https:\/\/sellent.es\/es\/wp-json\/wp\/v2\/users\/1"}],"replies":[{"embeddable":true,"href":"https:\/\/sellent.es\/es\/wp-json\/wp\/v2\/comments?post=155"}],"version-history":[{"count":27,"href":"https:\/\/sellent.es\/es\/wp-json\/wp\/v2\/pages\/155\/revisions"}],"predecessor-version":[{"id":4335,"href":"https:\/\/sellent.es\/es\/wp-json\/wp\/v2\/pages\/155\/revisions\/4335"}],"up":[{"embeddable":true,"href":"https:\/\/sellent.es\/es\/wp-json\/wp\/v2\/pages\/41"}],"wp:attachment":[{"href":"https:\/\/sellent.es\/es\/wp-json\/wp\/v2\/media?parent=155"}],"curies":[{"name":"wp","href":"https:\/\/api.w.org\/{rel}","templated":true}]}}