{"id":3841,"date":"2024-09-07T04:45:46","date_gmt":"2024-09-07T04:45:46","guid":{"rendered":"https:\/\/ayto4.accesia.info\/?page_id=3841"},"modified":"2025-01-21T16:38:38","modified_gmt":"2025-01-21T16:38:38","slug":"ban-per-telegram","status":"publish","type":"page","link":"https:\/\/sellent.es\/es\/ajuntament\/ban-per-telegram\/","title":{"rendered":"Bando por Telegram"},"content":{"rendered":"<!--themify_builder_content-->\n<div id=\"themify_builder_content-3841\" data-postid=\"3841\" class=\"themify_builder_content themify_builder_content-3841 themify_builder tf_clear\">\n                    <div  data-css_id=\"x3dx116\" data-lazy=\"1\" class=\"module_row themify_builder_row fullwidth_row_container tb_x3dx116 tb_first tf_w wow\" data-tf-animation=\"fadeIn\">\n            <span  class=\"builder_row_cover tf_abs\" data-lazy=\"1\"><\/span>            <div class=\"row_inner col_align_top tb_col_count_1 tf_box tf_rel\">\n                        <div  data-lazy=\"1\" class=\"module_column tb-column col-full tb_n1qs117 first\">\n                    <!-- module text -->\n<div  class=\"module module-text tb_2hag117    wow\" data-tf-animation=\"fadeInUp\" data-lazy=\"1\">\n        <div  class=\"tb_text_wrap\">\n        <h1>Bando por Telegram<\/h1>    <\/div>\n<\/div>\n<!-- \/module text -->        <\/div>\n                        <\/div>\n        <\/div>\n                        <div  data-lazy=\"1\" class=\"module_row themify_builder_row tb_0ik1519 tf_w\">\n                        <div class=\"row_inner col_align_top tb_col_count_2 tf_box tf_rel\">\n                        <div  data-lazy=\"1\" class=\"module_column tb-column col4-2 tb_z3w5519 first\">\n                    <!-- module text -->\n<div  class=\"module module-text tb_4h9r519\" data-lazy=\"1\">\n        <div  class=\"tb_text_wrap\">\n        <h2>Servicio de Bando por Telegram<\/h2>    <\/div>\n<\/div>\n<!-- \/module text --><!-- module text -->\n<div  class=\"module module-text tb_1bg1221\" data-lazy=\"1\">\n        <div  class=\"tb_text_wrap\">\n        <p><b>El servicio de Bando<\/b> mediante el WhatsApp est\u00e1 fallando mucho por problemas de la APP y no reciba las comunicaciones del Ayuntamiento.<\/p>\n<p><b>Os invitamos a descargar el Canal Oficial de Telegram <\/b>del Ayuntamiento de Sellent donde podr\u00e1 seguir recibiendo toda la informaci\u00f3n municipal.<\/p><p>Haz clic en el siguiente bot\u00f3n y suscr\u00edbete al canal:<\/p>    <\/div>\n<\/div>\n<!-- \/module text --><!-- module buttons -->\n<div  class=\"module module-buttons tb_sa6p223 buttons-horizontal solid  large rounded buttons-fullwidth\" data-lazy=\"1\">\n        <div class=\"module-buttons-item tf_in_flx\">\n                        <a href=\"https:\/\/t.me\/joinchat\/AAAAAEmKPijavRR6kwXn0w\" class=\"ui builder_button tf_in_flx black\" target=\"_blank\" rel=\"noopener\" id=\"Boton1\">\n                                    <em><svg  class=\"tf_fa tf-la-telegram\" aria-hidden=\"true\"><use href=\"#tf-la-telegram\"><\/use><\/svg><\/em>                                        CANAL BANDO DE TELEGRAM                                        <\/a>\n                <\/div>\n            <\/div>\n<!-- \/module buttons -->\n<!-- module text -->\n<div  class=\"module module-text tb_jlre411\" data-lazy=\"1\">\n        <div  class=\"tb_text_wrap\">\n        <p><span style=\"font-size: 1em;\">Si no tienes Telegram, puedes descargarlo gratuitamente en los siguientes enlaces de Android y iOS<\/span><br><\/p>    <\/div>\n<\/div>\n<!-- \/module text --><!-- module icon -->\n<div  class=\"module module-icon tb_o8z2662  large  icon_horizontal\" data-lazy=\"1\">\n\t\t\t<div class=\"module-icon-item\">\n\t\t\t\t\t\t\t<a href=\"https:\/\/apple.co\/2WEUXcr\" rel=\"noopener\" target=\"_blank\">\n\t\t\t\t\t\t\t\t\t\t\t\t\t\t\t\t\t<em class=\"tf_box\"\n\t\t\t\t\t\t\t\t\t\t\t\t style=\"background-color:#ffffff;color:#241623\"\t\t\t\t\t><svg  class=\"tf_fa tf-fab-app-store-ios\" aria-hidden=\"true\"><use href=\"#tf-fab-app-store-ios\"><\/use><\/svg><\/em>\n\t\t\t\t\t\t\t\t\t\t\t\t\t\t\t\t\t\t\t<span>iOS: https:\/\/apple.co\/2WEUXcr<\/span>\n\t\t\t\t\t\t\t\t\t\t\t\t\t\t\t\t\t<\/a>\n\t\t\t\t\t<\/div>\n\t<\/div>\n<!-- \/module icon -->\n<!-- module icon -->\n<div  class=\"module module-icon tb_8g7u473  large  icon_horizontal\" data-lazy=\"1\">\n\t\t\t<div class=\"module-icon-item\">\n\t\t\t\t\t\t\t<a href=\"https:\/\/bit.ly\/30ss58u\" rel=\"noopener\" target=\"_blank\">\n\t\t\t\t\t\t\t\t\t\t\t\t\t\t\t\t\t<em class=\"tf_box\"\n\t\t\t\t\t\t\t\t\t\t\t\t style=\"background-color:#ffffff;color:#241623\"\t\t\t\t\t><svg  class=\"tf_fa tf-ti-android\" aria-hidden=\"true\"><use href=\"#tf-ti-android\"><\/use><\/svg><\/em>\n\t\t\t\t\t\t\t\t\t\t\t\t\t\t\t\t\t\t\t<span>Android: https:\/\/bit.ly\/30ss58u<\/span>\n\t\t\t\t\t\t\t\t\t\t\t\t\t\t\t\t\t<\/a>\n\t\t\t\t\t<\/div>\n\t<\/div>\n<!-- \/module icon -->\n        <\/div>\n                    <div  data-lazy=\"1\" class=\"module_column tb-column col4-2 tb_ln8n637 last\">\n                    <!-- module image -->\n<div  class=\"module module-image tb_ekbc851 image-top rounded drop-shadow  auto_fullwidth tf_mw\" data-lazy=\"1\">\n        <div class=\"image-wrap tf_rel tf_mw\">\n            <img loading=\"lazy\" decoding=\"async\" src=\"https:\/\/sellent.es\/wp-content\/uploads\/2024\/09\/depositphotos_317200256-stock-photo-woman-hand-holding-iphone-x-408x607.webp\" width=\"408\" height=\"607\" class=\"wp-post-image wp-image-3940\" title=\"Telegram\" alt=\"Telegram\">    \n        <\/div>\n    <!-- \/image-wrap -->\n    \n        <\/div>\n<!-- \/module image -->        <\/div>\n                        <\/div>\n        <\/div>\n        <\/div>\n<!--\/themify_builder_content-->","protected":false},"excerpt":{"rendered":"<p>Ban per Telegram SerVEI de Ban per Telegram El servicio de Bando mediante el WhatsApp est\u00e1 fallando mucho por problemas de la APP y no reciba las comunicaciones del Ayuntamiento. Os invitamos a descargar el Canal Oficial de Telegram del Ayuntamiento de Sellent donde podr\u00e1 seguir recibiendo toda la informaci\u00f3n municipal. Haz clic en el [&hellip;]<\/p>\n","protected":false},"author":1,"featured_media":0,"parent":41,"menu_order":0,"comment_status":"closed","ping_status":"closed","template":"","meta":{"footnotes":""},"class_list":["post-3841","page","type-page","status-publish","hentry","has-post-title","has-post-date","has-post-category","has-post-tag","has-post-comment","has-post-author",""],"builder_content":"<h1>Ban per Telegram<\/h1>\n<h2>SerVEI de Ban per Telegram<\/h2>\n<p><b>El servicio de Bando<\/b> mediante el WhatsApp est\u00e1 fallando mucho por problemas de la APP y no reciba las comunicaciones del Ayuntamiento.<\/p> <p><b>Os invitamos a descargar el Canal Oficial de Telegram <\/b>del Ayuntamiento de Sellent donde podr\u00e1 seguir recibiendo toda la informaci\u00f3n municipal.<\/p><p>Haz clic en el siguiente bot\u00f3n y suscr\u00edbete al canal:<\/p>\n<a href=\"https:\/\/t.me\/joinchat\/AAAAAEmKPijavRR6kwXn0w\" target=\"_blank\" rel=\"noopener\" id=\"Boton1\"> <em><svg aria-hidden=\"true\"><use href=\"#tf-la-telegram\"><\/use><\/svg><\/em> CANAL BANDO DE TELEGRAM <\/a>\n<p>Si no tens Telegram, pots descarregar-lo gratu\u00eftament als seg\u00fcents enlla\u00e7os d\u2019Android i iOS<br><\/p>\n<a href=\"https:\/\/apple.co\/2WEUXcr\" rel=\"noopener\" target=\"_blank\"> <em style=\"background-color:#ffffff;color:#241623\" ><svg aria-hidden=\"true\"><use href=\"#tf-fab-app-store-ios\"><\/use><\/svg><\/em> iOS: https:\/\/apple.co\/2WEUXcr <\/a>\n<a href=\"https:\/\/bit.ly\/30ss58u\" rel=\"noopener\" target=\"_blank\"> <em style=\"background-color:#ffffff;color:#241623\" ><svg aria-hidden=\"true\"><use href=\"#tf-ti-android\"><\/use><\/svg><\/em> Android: https:\/\/bit.ly\/30ss58u <\/a>\n<img src=\"https:\/\/sellent.es\/wp-content\/uploads\/2024\/09\/depositphotos_317200256-stock-photo-woman-hand-holding-iphone-x-408x607.webp\" width=\"408\" height=\"607\" title=\"Telegram\" alt=\"Telegram\">","_links":{"self":[{"href":"https:\/\/sellent.es\/es\/wp-json\/wp\/v2\/pages\/3841","targetHints":{"allow":["GET"]}}],"collection":[{"href":"https:\/\/sellent.es\/es\/wp-json\/wp\/v2\/pages"}],"about":[{"href":"https:\/\/sellent.es\/es\/wp-json\/wp\/v2\/types\/page"}],"author":[{"embeddable":true,"href":"https:\/\/sellent.es\/es\/wp-json\/wp\/v2\/users\/1"}],"replies":[{"embeddable":true,"href":"https:\/\/sellent.es\/es\/wp-json\/wp\/v2\/comments?post=3841"}],"version-history":[{"count":27,"href":"https:\/\/sellent.es\/es\/wp-json\/wp\/v2\/pages\/3841\/revisions"}],"predecessor-version":[{"id":4471,"href":"https:\/\/sellent.es\/es\/wp-json\/wp\/v2\/pages\/3841\/revisions\/4471"}],"up":[{"embeddable":true,"href":"https:\/\/sellent.es\/es\/wp-json\/wp\/v2\/pages\/41"}],"wp:attachment":[{"href":"https:\/\/sellent.es\/es\/wp-json\/wp\/v2\/media?parent=3841"}],"curies":[{"name":"wp","href":"https:\/\/api.w.org\/{rel}","templated":true}]}}