{"id":3845,"date":"2024-09-07T04:46:42","date_gmt":"2024-09-07T04:46:42","guid":{"rendered":"https:\/\/ayto4.accesia.info\/ajuntament\/transparencia-copy\/"},"modified":"2024-10-04T18:00:09","modified_gmt":"2024-10-04T18:00:09","slug":"educacio","status":"publish","type":"page","link":"https:\/\/sellent.es\/es\/serveis\/educacio\/","title":{"rendered":"Educaci\u00f3n"},"content":{"rendered":"<!--themify_builder_content-->\n<div id=\"themify_builder_content-3845\" data-postid=\"3845\" class=\"themify_builder_content themify_builder_content-3845 themify_builder tf_clear\">\n                    <div  data-css_id=\"my1r474\" data-lazy=\"1\" class=\"module_row themify_builder_row fullwidth_row_container tb_my1r474 tb_first tf_w wow\" data-tf-animation=\"fadeIn\">\n            <span  class=\"builder_row_cover tf_abs\" data-lazy=\"1\"><\/span>            <div class=\"row_inner col_align_top tb_col_count_1 tf_box tf_rel\">\n                        <div  data-lazy=\"1\" class=\"module_column tb-column col-full tb_qa2x700 first\">\n                    <!-- module text -->\n<div  class=\"module module-text tb_2uff113    wow\" data-tf-animation=\"fadeInUp\" data-lazy=\"1\">\n        <div  class=\"tb_text_wrap\">\n        <h1>Educaci\u00f3n<\/h1>    <\/div>\n<\/div>\n<!-- \/module text -->        <\/div>\n                        <\/div>\n        <\/div>\n                        <div  data-lazy=\"1\" class=\"module_row themify_builder_row tb_a779300 tf_w\">\n                        <div class=\"row_inner col_align_top tb_col_count_2 tf_box tf_rel\">\n                        <div  data-lazy=\"1\" class=\"module_column tb-column col4-2 tb_f33k222 first\">\n                    <!-- module image -->\n<div  class=\"module module-image tb_e1ux820 image-top rounded bordered  tf_mw\" data-lazy=\"1\">\n        <div class=\"image-wrap tf_rel tf_mw\">\n            <img loading=\"lazy\" decoding=\"async\" src=\"https:\/\/sellent.es\/wp-content\/uploads\/2022\/08\/sellent-nuevas-1-5-1-554x442.jpg\" width=\"554\" height=\"442\" class=\"wp-post-image wp-image-1067\" title=\"Puerta principal del Colegio municipal Jose de la Pe\u00f1a Sanchis. Barreras de varios colores que separan el acceso de la calle.\" alt=\"Puerta principal del Colegio municipal Jose de la Penya Sanchis. Barreras de diversos colores que separan el acceso de la calle.\">    \n        <\/div>\n    <!-- \/image-wrap -->\n    \n        <\/div>\n<!-- \/module image -->        <\/div>\n                    <div  data-lazy=\"1\" class=\"module_column tb-column col4-2 tb_22zn442 last\">\n                    <!-- module text -->\n<div  class=\"module module-text tb_z7h1433\" data-lazy=\"1\">\n        <div  class=\"tb_text_wrap\">\n        <h2><span style=\"font-size: 1em;\">Colegio municipal Jos\u00e9 de la Pe\u00f1a Sanch\u00eds<\/span><\/h2>    <\/div>\n<\/div>\n<!-- \/module text --><!-- module icon -->\n<div  class=\"module module-icon tb_n1b5891    icon_horizontal\" data-lazy=\"1\">\n\t\t\t<div class=\"module-icon-item\">\n\t\t\t\t\t\t\t<a href=\"https:\/\/goo.gl\/maps\/vhgNykVsvXyWA6cS7\" rel=\"noopener\" target=\"_blank\">\n\t\t\t\t\t\t\t\t\t\t\t\t\t\t\t\t\t<em class=\"tf_box\"\n\t\t\t\t\t\t\t\t\t\t\t\t style=\"background-color:#ffffff;color:#241623\"\t\t\t\t\t><svg  class=\"tf_fa tf-fas-map-marker-alt\" aria-hidden=\"true\"><use href=\"#tf-fas-map-marker-alt\"><\/use><\/svg><\/em>\n\t\t\t\t\t\t\t\t\t\t\t\t\t\t\t\t\t\t\t<span>Calle Camilo Sancho L\u00e1cer s\/n 46295<br> Sellent - Valencia - Comunidad Valenciana<\/span>\n\t\t\t\t\t\t\t\t\t\t\t\t\t\t\t\t\t<\/a>\n\t\t\t\t\t<\/div>\n\t<\/div>\n<!-- \/module icon -->\n<!-- module icon -->\n<div  class=\"module module-icon tb_v852891    icon_horizontal\" data-lazy=\"1\">\n\t\t\t<div class=\"module-icon-item\">\n\t\t\t\t\t\t\t<a href=\"https:\/\/mestreacasa.gva.es\/web\/4602406000\/\" rel=\"noopener\" target=\"_blank\">\n\t\t\t\t\t\t\t\t\t\t\t\t\t\t\t\t\t<em class=\"tf_box\"\n\t\t\t\t\t\t\t\t\t\t\t\t style=\"background-color:#ffffff;color:#241623\"\t\t\t\t\t><svg  class=\"tf_fa tf-ti-world\" aria-hidden=\"true\"><use href=\"#tf-ti-world\"><\/use><\/svg><\/em>\n\t\t\t\t\t\t\t\t\t\t\t\t\t\t\t\t\t\t\t<span>Sitio web de la escuela municipal Jos\u00e9 de la Pe\u00f1a Sanch\u00eds<\/span>\n\t\t\t\t\t\t\t\t\t\t\t\t\t\t\t\t\t<\/a>\n\t\t\t\t\t<\/div>\n\t<\/div>\n<!-- \/module icon -->\n<!-- module icon -->\n<div  class=\"module module-icon tb_6wzz891    icon_horizontal\" data-lazy=\"1\">\n\t\t\t<div class=\"module-icon-item\">\n\t\t\t\t\t\t\t<a href=\"tel:962255005\">\n\t\t\t\t\t\t\t\t\t\t\t\t\t\t\t\t\t<em class=\"tf_box\"\n\t\t\t\t\t\t\t\t\t\t\t\t style=\"background-color:#ffffff;color:#241623\"\t\t\t\t\t><svg  class=\"tf_fa tf-fas-phone-alt\" aria-hidden=\"true\"><use href=\"#tf-fas-phone-alt\"><\/use><\/svg><\/em>\n\t\t\t\t\t\t\t\t\t\t\t\t\t\t\t\t\t\t\t<span>Tel: 962 255 005<\/span>\n\t\t\t\t\t\t\t\t\t\t\t\t\t\t\t\t\t<\/a>\n\t\t\t\t\t<\/div>\n\t<\/div>\n<!-- \/module icon -->\n<!-- module buttons -->\n<div  class=\"module module-buttons tb_eb8e000 buttons-horizontal solid  large squared buttons-fullwidth\" data-lazy=\"1\">\n        <div class=\"module-buttons-item tf_in_flx\">\n                        <a href=\"http:\/\/www.educateca.com\/centros\/escola-sellent-cra.asp\" class=\"ui builder_button tf_in_flx blue\" target=\"_blank\" rel=\"noopener\">\n                                    <em><svg  class=\"tf_fa tf-la-info-circle-solid\" aria-hidden=\"true\"><use href=\"#tf-la-info-circle-solid\"><\/use><\/svg><\/em>                                        M\u00e1s informaci\u00f3n de la escuela                                        <\/a>\n                <\/div>\n            <\/div>\n<!-- \/module buttons -->\n        <\/div>\n                        <\/div>\n        <\/div>\n                        <div  data-lazy=\"1\" class=\"module_row themify_builder_row tb_b9pb891 tf_w\">\n                        <div class=\"row_inner col_align_top tb_col_count_1 tf_box tf_rel\">\n                        <div  data-lazy=\"1\" class=\"module_column tb-column col-full tb_83ua891 first\">\n                            <\/div>\n                        <\/div>\n        <\/div>\n        <\/div>\n<!--\/themify_builder_content-->","protected":false},"excerpt":{"rendered":"<p>Educaci\u00f3n Colegio municipal Jos\u00e9 de la Pe\u00f1a Sanch\u00eds Calle Camilo Sancho L\u00e1cer s\/n 46295 Sellent \u2013 Valencia \u2013 Comunidad Valenciana Sitio web de la escuela municipal Jos\u00e9 de la Pe\u00f1a Sanch\u00eds Tel: 962 255 005 M\u00e1s nformaci\u00f3n de la escuela<\/p>","protected":false},"author":1,"featured_media":0,"parent":33,"menu_order":0,"comment_status":"closed","ping_status":"closed","template":"","meta":{"footnotes":""},"class_list":["post-3845","page","type-page","status-publish","hentry","has-post-title","has-post-date","has-post-category","has-post-tag","has-post-comment","has-post-author",""],"builder_content":"<h1>Educaci\u00f3<\/h1>\n<img src=\"https:\/\/sellent.es\/wp-content\/uploads\/2022\/08\/sellent-nuevas-1-5-1-554x442.jpg\" width=\"554\" height=\"442\" title=\"Puerta principal del Colegio municipal Jose de la Penya Sanchis. Barreras de diversos colores que separan el acceso de la calle.\" alt=\"Puerta principal del Colegio municipal Jose de la Penya Sanchis. Barreras de diversos colores que separan el acceso de la calle.\">\n<h2>Colegi municipal Jos\u00e9 de la Pe\u00f1a Sanch\u00eds<\/h2>\n<a href=\"https:\/\/goo.gl\/maps\/vhgNykVsvXyWA6cS7\" rel=\"noopener\" target=\"_blank\"> <em style=\"background-color:#ffffff;color:#241623\" ><svg aria-hidden=\"true\"><use href=\"#tf-fas-map-marker-alt\"><\/use><\/svg><\/em> Carrer Camilo Sancho Ll\u00e0cer s\/n 46295<br> Sellent - Valencia - Comunitat Valenciana <\/a>\n<a href=\"https:\/\/mestreacasa.gva.es\/web\/4602406000\/\" rel=\"noopener\" target=\"_blank\"> <em style=\"background-color:#ffffff;color:#241623\" ><svg aria-hidden=\"true\"><use href=\"#tf-ti-world\"><\/use><\/svg><\/em> Lloc web de l'escola municipal Jos\u00e9 de la Pe\u00f1a Sanch\u00eds <\/a>\n<a href=\"tel:962255005\"> <em style=\"background-color:#ffffff;color:#241623\" ><svg aria-hidden=\"true\"><use href=\"#tf-fas-phone-alt\"><\/use><\/svg><\/em> Tel: 962 255 005 <\/a>\n<a href=\"http:\/\/www.educateca.com\/centros\/escola-sellent-cra.asp\" target=\"_blank\" rel=\"noopener\"> <em><svg aria-hidden=\"true\"><use href=\"#tf-la-info-circle-solid\"><\/use><\/svg><\/em> M\u00e9s nformaci\u00f3 de l'escola <\/a>","_links":{"self":[{"href":"https:\/\/sellent.es\/es\/wp-json\/wp\/v2\/pages\/3845","targetHints":{"allow":["GET"]}}],"collection":[{"href":"https:\/\/sellent.es\/es\/wp-json\/wp\/v2\/pages"}],"about":[{"href":"https:\/\/sellent.es\/es\/wp-json\/wp\/v2\/types\/page"}],"author":[{"embeddable":true,"href":"https:\/\/sellent.es\/es\/wp-json\/wp\/v2\/users\/1"}],"replies":[{"embeddable":true,"href":"https:\/\/sellent.es\/es\/wp-json\/wp\/v2\/comments?post=3845"}],"version-history":[{"count":19,"href":"https:\/\/sellent.es\/es\/wp-json\/wp\/v2\/pages\/3845\/revisions"}],"predecessor-version":[{"id":4338,"href":"https:\/\/sellent.es\/es\/wp-json\/wp\/v2\/pages\/3845\/revisions\/4338"}],"up":[{"embeddable":true,"href":"https:\/\/sellent.es\/es\/wp-json\/wp\/v2\/pages\/33"}],"wp:attachment":[{"href":"https:\/\/sellent.es\/es\/wp-json\/wp\/v2\/media?parent=3845"}],"curies":[{"name":"wp","href":"https:\/\/api.w.org\/{rel}","templated":true}]}}