{"id":3853,"date":"2024-09-07T05:02:44","date_gmt":"2024-09-07T05:02:44","guid":{"rendered":"https:\/\/ayto4.accesia.info\/?page_id=3853"},"modified":"2024-10-04T17:59:50","modified_gmt":"2024-10-04T17:59:50","slug":"asociacions","status":"publish","type":"page","link":"https:\/\/sellent.es\/es\/serveis\/asociacions\/","title":{"rendered":"Asociaciones"},"content":{"rendered":"<!--themify_builder_content-->\n<div id=\"themify_builder_content-3853\" data-postid=\"3853\" class=\"themify_builder_content themify_builder_content-3853 themify_builder tf_clear\">\n                    <div  data-css_id=\"my1r474\" data-lazy=\"1\" class=\"module_row themify_builder_row fullwidth_row_container tb_my1r474 tb_first tf_w wow\" data-tf-animation=\"fadeIn\">\n            <span  class=\"builder_row_cover tf_abs\" data-lazy=\"1\"><\/span>            <div class=\"row_inner col_align_top tb_col_count_1 tf_box tf_rel\">\n                        <div  data-lazy=\"1\" class=\"module_column tb-column col-full tb_qa2x700 first\">\n                    <!-- module text -->\n<div  class=\"module module-text tb_2uff113    wow\" data-tf-animation=\"fadeInUp\" data-lazy=\"1\">\n        <div  class=\"tb_text_wrap\">\n        <h1>Asociaciones<\/h1>    <\/div>\n<\/div>\n<!-- \/module text -->        <\/div>\n                        <\/div>\n        <\/div>\n                        <div  data-lazy=\"1\" class=\"module_row themify_builder_row tb_a779300 tf_w\">\n                        <div class=\"row_inner col_align_top tb_col_count_2 tf_box tf_rel\">\n                        <div  data-lazy=\"1\" class=\"module_column tb-column col4-2 tb_22zn442 first\">\n                    <!-- module text -->\n<div  class=\"module module-text tb_z7h1433\" data-lazy=\"1\">\n        <div  class=\"tb_text_wrap\">\n        <ul>\n<li>\n<p><strong>Sociedad Colombicultora<\/strong>, fundada en 1924<br><em>Una entidad centenaria dedicada a la pr\u00e1ctica de la colombicultura, un deporte arraigado en la cultura local.<\/em><\/p>\n<\/li>\n<li>\n<p><strong>Asociaci\u00f3n de Madres y Padres (AMPA)<\/strong>, creada en 1981<br>Presidenta: Zaira Giner \u00dabeda<br><em>Impulsa la participaci\u00f3n de los padres en la vida escolar y promueve actividades educativas para alumnos.<\/em><\/p>\n<\/li>\n<li>\n<p><strong>Asociaci\u00f3n de Amas de Casa<\/strong>, creada en 1982<br>Presidenta: Caridad Mart\u00ednez Chac\u00f3n<br><em>Una asociaci\u00f3n que defiende los derechos e intereses de las mujeres que gestionan el hogar, ofreciendo talleres y actividades.<\/em><\/p>\n<\/li>\n<li>\n<p><strong>Asociaci\u00f3n de Jubilados y Pensionistas<\/strong>, creada en 1984<br>Presidenta: Francisca L\u00f3pez Rosa<br><em>Dedicada a la mejora de la calidad de vida de los mayores, organiza actividades sociales y de soporte para sus miembros.<\/em><\/p>\n<\/li>\n<li>\n<p><strong>Asociaci\u00f3n Lucha contra el C\u00e1ncer<\/strong>, creada en 1984<br>Presidenta: Rosa Maria Bono Bono<br><em>Promueve acciones de concienciaci\u00f3n, prevenci\u00f3n y soporte para enfermos de c\u00e1ncer y sus familias.<\/em><\/p>\n<\/li>\n<li>\n<p><strong>Sociedad Musical de Sellent<\/strong>, fundada en 1991<br>Presidente: Jaime Isidoro Moreno Ciges<br><em>Una asociaci\u00f3n que mantiene viva la tradici\u00f3n musical en el municipio, organizando conciertos y formaciones musicales.<\/em><\/p>\n<\/li>\n<li>\n<p><strong>Asociaci\u00f3n de Portadores<\/strong>, creada en 2023<br>Presidente: Juan Francisco Ortega S\u00e1nchez<br><em>Formada recientemente, esta asociaci\u00f3n se encarga de llevar las im\u00e1genes durante las procesiones y eventos religiosos.<\/em><\/p>\n<\/li>\n<li>\n<p><strong>Sociedad de Cazadores &#039;El \u00danico Cartucho&#039;<\/strong><br><em>Una entidad que agrupa a aficionados a la caza, promoviendo una pr\u00e1ctica responsable y respetuosa con la naturaleza.<\/em><\/p>\n<\/li>\n<\/ul>    <\/div>\n<\/div>\n<!-- \/module text -->        <\/div>\n                    <div  data-lazy=\"1\" class=\"module_column tb-column col4-2 tb_f33k222 last\">\n                    <!-- module image -->\n<div  class=\"module module-image tb_e1ux820 image-top rounded bordered  tf_mw\" data-lazy=\"1\">\n        <div class=\"image-wrap tf_rel tf_mw\">\n            <img loading=\"lazy\" decoding=\"async\" src=\"https:\/\/sellent.es\/wp-content\/uploads\/2022\/08\/people-360x235-1-1-554x442.jpg\" width=\"554\" height=\"442\" class=\"wp-post-image wp-image-2539\" title=\"Imagen decorativa (SIN USAR)\" alt=\"Imatge decorativa (SENSE USAR)\">    \n        <\/div>\n    <!-- \/image-wrap -->\n    \n        <\/div>\n<!-- \/module image -->        <\/div>\n                        <\/div>\n        <\/div>\n        <\/div>\n<!--\/themify_builder_content-->","protected":false},"excerpt":{"rendered":"<p>Asociacions Societat Colombicultora, fundada en 1924Una entitat centen\u00e0ria dedicada a la pr\u00e0ctica de la colombicultura, un esport arrelat a la cultura local. Associaci\u00f3 de Mares i Pares (AMPA), creada en 1981Presidenta: Zaira Giner \u00dabedaImpulsa la participaci\u00f3 dels pares en la vida escolar i promou activitats educatives per als alumnes. Associaci\u00f3 d\u2019Ames de Casa, creada en [&hellip;]<\/p>\n","protected":false},"author":1,"featured_media":0,"parent":33,"menu_order":0,"comment_status":"closed","ping_status":"closed","template":"","meta":{"footnotes":""},"class_list":["post-3853","page","type-page","status-publish","hentry","has-post-title","has-post-date","has-post-category","has-post-tag","has-post-comment","has-post-author",""],"builder_content":"<h1>Asociacions<\/h1>\n<ul> <li> <p><strong>Societat Colombicultora<\/strong>, fundada en 1924<br><em>Una entitat centen\u00e0ria dedicada a la pr\u00e0ctica de la colombicultura, un esport arrelat a la cultura local.<\/em><\/p> <\/li> <li> <p><strong>Associaci\u00f3 de Mares i Pares (AMPA)<\/strong>, creada en 1981<br>Presidenta: Zaira Giner \u00dabeda<br><em>Impulsa la participaci\u00f3 dels pares en la vida escolar i promou activitats educatives per als alumnes.<\/em><\/p> <\/li> <li> <p><strong>Associaci\u00f3 d\u2019Ames de Casa<\/strong>, creada en 1982<br>Presidenta: Caridad Mart\u00ednez Chac\u00f3n<br><em>Una associaci\u00f3 que defensa els drets i interessos de les dones que gestionen la llar, oferint tallers i activitats.<\/em><\/p> <\/li> <li> <p><strong>Associaci\u00f3 de Jubilats i Pensionistes<\/strong>, creada en 1984<br>Presidenta: Francisca L\u00f3pez Rosa<br><em>Dedicada a la millora de la qualitat de vida dels majors, organitza activitats socials i de suport per als seus membres.<\/em><\/p> <\/li> <li> <p><strong>Associaci\u00f3 Lluita contra el C\u00e0ncer<\/strong>, creada en 1984<br>Presidenta: Rosa Maria Bono Bono<br><em>Promou accions de conscienciaci\u00f3, prevenci\u00f3 i suport per a malalts de c\u00e0ncer i les seues fam\u00edlies.<\/em><\/p> <\/li> <li> <p><strong>Societat Musical de Sellent<\/strong>, fundada en 1991<br>President: Jaime Isidoro Moreno Ciges<br><em>Una associaci\u00f3 que mant\u00e9 viva la tradici\u00f3 musical al municipi, organitzant concerts i formacions musicals.<\/em><\/p> <\/li> <li> <p><strong>Associaci\u00f3 de Portadors<\/strong>, creada en 2023<br>President: Juan Francisco Ortega S\u00e1nchez<br><em>Formada recentment, aquesta associaci\u00f3 s'encarrega de portar les imatges durant les processons i esdeveniments religiosos.<\/em><\/p> <\/li> <li> <p><strong>Societat de Ca\u00e7adors \u2018El \u00danico Cartucho\u2019<\/strong><br><em>Una entitat que agrupa aficionats a la ca\u00e7a, promovent una pr\u00e0ctica responsable i respectuosa amb la natura.<\/em><\/p> <\/li> <\/ul>\n<img src=\"https:\/\/sellent.es\/wp-content\/uploads\/2022\/08\/people-360x235-1-1-554x442.jpg\" width=\"554\" height=\"442\" title=\"Imatge decorativa (SENSE USAR)\" alt=\"Imatge decorativa (SENSE USAR)\">","_links":{"self":[{"href":"https:\/\/sellent.es\/es\/wp-json\/wp\/v2\/pages\/3853","targetHints":{"allow":["GET"]}}],"collection":[{"href":"https:\/\/sellent.es\/es\/wp-json\/wp\/v2\/pages"}],"about":[{"href":"https:\/\/sellent.es\/es\/wp-json\/wp\/v2\/types\/page"}],"author":[{"embeddable":true,"href":"https:\/\/sellent.es\/es\/wp-json\/wp\/v2\/users\/1"}],"replies":[{"embeddable":true,"href":"https:\/\/sellent.es\/es\/wp-json\/wp\/v2\/comments?post=3853"}],"version-history":[{"count":16,"href":"https:\/\/sellent.es\/es\/wp-json\/wp\/v2\/pages\/3853\/revisions"}],"predecessor-version":[{"id":4337,"href":"https:\/\/sellent.es\/es\/wp-json\/wp\/v2\/pages\/3853\/revisions\/4337"}],"up":[{"embeddable":true,"href":"https:\/\/sellent.es\/es\/wp-json\/wp\/v2\/pages\/33"}],"wp:attachment":[{"href":"https:\/\/sellent.es\/es\/wp-json\/wp\/v2\/media?parent=3853"}],"curies":[{"name":"wp","href":"https:\/\/api.w.org\/{rel}","templated":true}]}}