{"id":3857,"date":"2024-09-07T05:04:07","date_gmt":"2024-09-07T05:04:07","guid":{"rendered":"https:\/\/ayto4.accesia.info\/?page_id=3857"},"modified":"2025-09-20T02:29:16","modified_gmt":"2025-09-20T00:29:16","slug":"historia","status":"publish","type":"page","link":"https:\/\/sellent.es\/es\/poble\/historia\/","title":{"rendered":"Historia"},"content":{"rendered":"<!--themify_builder_content-->\n<div id=\"themify_builder_content-3857\" data-postid=\"3857\" class=\"themify_builder_content themify_builder_content-3857 themify_builder tf_clear\">\n                    <div  data-css_id=\"my1r474\" data-lazy=\"1\" class=\"module_row themify_builder_row fullwidth_row_container tb_my1r474 tb_first tf_w wow\" data-tf-animation=\"fadeIn\">\n            <span  class=\"builder_row_cover tf_abs\" data-lazy=\"1\"><\/span>            <div class=\"row_inner col_align_top tb_col_count_1 tf_box tf_rel\">\n                        <div  data-lazy=\"1\" class=\"module_column tb-column col-full tb_qa2x700 first\">\n                    <!-- module text -->\n<div  class=\"module module-text tb_2uff113    wow\" data-tf-animation=\"fadeInUp\" data-lazy=\"1\">\n        <div  class=\"tb_text_wrap\">\n        <h1>Historia<\/h1>    <\/div>\n<\/div>\n<!-- \/module text -->        <\/div>\n                        <\/div>\n        <\/div>\n                        <div  data-lazy=\"1\" class=\"module_row themify_builder_row tb_a779300 tf_w\">\n                        <div class=\"row_inner col_align_top tb_col_count_1 tf_box tf_rel\">\n                        <div  data-lazy=\"1\" class=\"module_column tb-column col-full tb_f33k222 first\">\n                    <!-- module text -->\n<div  class=\"module module-text tb_ifr6802\" data-lazy=\"1\">\n        <div  class=\"tb_text_wrap\">\n        <p><strong>Sellent es un municipio situado en la comarca de la Ribera Alta. Antiguamente se llamaba Sellent de X\u00e0tiva, aunque formaba parte de su T\u00e9rmino Particular y despu\u00e9s perteneci\u00f3 a la denominada Gobernaci\u00f3n de X\u00e0tiva.<\/strong><\/p>    <\/div>\n<\/div>\n<!-- \/module text -->        <\/div>\n                        <\/div>\n        <\/div>\n                        <div  data-lazy=\"1\" class=\"module_row themify_builder_row tb_ihpj98 tf_w\">\n                        <div class=\"row_inner col_align_top tb_col_count_1 tf_box tf_rel\">\n                        <div  data-lazy=\"1\" class=\"module_column tb-column col-full tb_e3z898 first\">\n                    <!-- module text -->\n<div  class=\"module module-text tb_bqwk98\" data-lazy=\"1\">\n        <div  class=\"tb_text_wrap\">\n        <h2>HISTORIA<\/h2>    <\/div>\n<\/div>\n<!-- \/module text --><!-- module text -->\n<div  class=\"module module-text tb_u27r252\" data-lazy=\"1\">\n        <div  class=\"tb_text_wrap\">\n        <p data-start=\"94\" data-end=\"805\">Durante el siglo VIII los musulmanes llegaron a esta comarca de la Ribera Alta y descubrieron la fertilidad de sus tierras, atravesadas por el r\u00edo J\u00facar de oeste a este, y por su afluente el r\u00edo Sellent de sur a norte, de aguas limpias y transparentes, ambos r\u00edos con abundante pesca y el suave clima protegido de los vents. Ante estas \u00f3ptimas condiciones, decidieron poblarla y colonizarla. Los musulmanes edificaron la alquer\u00eda de Sellent, denominada as\u00ed en la \u00e9poca; construyeron un castillo en la colina, establecieron el cultivo del arroz y tambi\u00e9n el de la morera para la cr\u00eda del gusano de seda, que hasta finales del siglo pasado constituy\u00f3 su principal fuente de riqueza.<\/p>\n<p data-start=\"807\" data-end=\"1226\">En la conquista de la ciudad de X\u00e0tiva, el rey Jaime I asent\u00f3 su ej\u00e9rcito en la zona del Estapar de la alquer\u00eda de Sellent, y desde ese lugar atac\u00f3 a X\u00e0tiva, ya que era una plaza muy importante, que acabar\u00eda convirti\u00e9ndose en la segunda ciudad del Reino de Valencia. Para ello hizo una serie de incursiones contra los musulmanes entre los a\u00f1os 1239 y 1244, puesto que era un castillo fuerte, duro y con grandes murallas y torreones.<\/p>\n<p data-start=\"1228\" data-end=\"1585\">En 1414 pertenec\u00eda a Francesc Soler, y poco despu\u00e9s pas\u00f3 a la familia Marrades, que se convirtieron en Condes de Sellent en el siglo XVII. En 1609 la alquer\u00eda de Sellent qued\u00f3 despoblada como consecuencia de la expulsi\u00f3n de los moriscos. En el terremoto de 1748, que destruy\u00f3 el castillo de Montesa, se derribaron varias casas, entre ellas el castillo se\u00f1orial.<\/p>    <\/div>\n<\/div>\n<!-- \/module text -->        <\/div>\n                        <\/div>\n        <\/div>\n                        <div  data-lazy=\"1\" class=\"module_row themify_builder_row tb_cpso403 tf_w\">\n                        <div class=\"row_inner col_align_top tb_col_count_1 tf_box tf_rel\">\n                        <div  data-lazy=\"1\" class=\"module_column tb-column col-full tb_relb400 first\">\n                    <!-- module text -->\n<div  class=\"module module-text tb_fn9l371\" data-lazy=\"1\">\n        <div  class=\"tb_text_wrap\">\n        <h2><strong>DEMOGRAF\u00cdA<\/strong><\/h2>    <\/div>\n<\/div>\n<!-- \/module text --><!-- module text -->\n<div  class=\"module module-text tb_27u9143\" data-lazy=\"1\">\n        <div  class=\"tb_text_wrap\">\n        <p data-start=\"89\" data-end=\"550\">El origen de la poblaci\u00f3n de Sellent es morisco, puesto que el pueblo era una alquer\u00eda musulmana que se estableci\u00f3 en este lugar hacia el siglo VIII. En 1239 la alquer\u00eda fue conquistada por el rey Jaime I de Arag\u00f3n. Los primeros datos de la poblaci\u00f3n comienzan en el a\u00f1o 1520, con 34 casas de cristianos (136 vecinos). En 1609 la alquer\u00eda qued\u00f3 pr\u00e1cticamente despoblada con la expulsi\u00f3n de los moriscos, y en 1616 s\u00f3lo hab\u00eda 3 casas ocupadas (12 vecinos). En 1630 aument\u00f3 hasta 15 casas.<\/p>\n<p data-start=\"552\" data-end=\"785\">En 1852 hab\u00eda 58 casas (200 personas). A finales del siglo XIX, en 1895, hab\u00eda 360 personas. Empez\u00f3 el siglo XX con un censo de 391 vecinos. En 1910 ya eran 415 y en 1920 aumentaron a 447 habitantes, pasando a 552 vecinos en 1930.<\/p>\n<p data-start=\"787\" data-end=\"1145\">Fue en la d\u00e9cada de 1950 a 1960 cuando el municipio alcanz\u00f3 el m\u00e1ximo nivel de poblaci\u00f3n, y la totalidad de las casas de campo estaban habitadas, coincidiendo con la \u00e9poca en que hab\u00eda mucho trabajo en las labores agr\u00edcolas. A partir de 1960 sufri\u00f3 la p\u00e9rdida de poblaci\u00f3n por la emigraci\u00f3n hacia las zonas industrializadas, lo que se conoce como el \u00e9xodo rural.<\/p>    <\/div>\n<\/div>\n<!-- \/module text -->        <\/div>\n                        <\/div>\n        <\/div>\n        <\/div>\n<!--\/themify_builder_content-->","protected":false},"excerpt":{"rendered":"<p>Hist\u00f2ria Sellent \u00e9s un municipi situat a la comarca de la Ribera Alta. Antigament s\u2019anomenava Sellent de X\u00e0tiva, encara que formava part del seu Terme Particular i despr\u00e9s va pert\u00e0nyer a la denominada Governaci\u00f3 de X\u00e0tiva. HIST\u00d2RIA Durant el segle VIII els musulmans arribaren a esta comarca de la Ribera Alta i descobriren la fertilitat [&hellip;]<\/p>\n","protected":false},"author":1,"featured_media":0,"parent":3859,"menu_order":0,"comment_status":"closed","ping_status":"closed","template":"","meta":{"footnotes":""},"class_list":["post-3857","page","type-page","status-publish","hentry","has-post-title","has-post-date","has-post-category","has-post-tag","has-post-comment","has-post-author",""],"builder_content":"<h1>Hist\u00f2ria<\/h1>\n<p><strong>Sellent \u00e9s un municipi situat a la comarca de la Ribera Alta. Antigament s\u2019anomenava Sellent de X\u00e0tiva, encara que formava part del seu Terme Particular i despr\u00e9s va pert\u00e0nyer a la denominada Governaci\u00f3 de X\u00e0tiva.<\/strong><\/p>\n<h2>HIST\u00d2RIA<\/h2>\n<p data-start=\"94\" data-end=\"805\">Durant el segle VIII els musulmans arribaren a esta comarca de la Ribera Alta i descobriren la fertilitat de les seues terres, travessades pel riu X\u00faquer d\u2019oest a est, i pel seu afluent el riu Sellent de sud a nord, d\u2019aig\u00fces netes i transparents, tots dos rius amb abundant pesca, aix\u00ed com el suau clima protegit dels vents per les serres del Montot i Realeng. Davant d\u2019estes \u00f2ptimes condicions, decidiren poblar-la i colonitzar-la. Els musulmans edificaren l\u2019alqueria de Sellent, denominada aix\u00ed en l\u2019\u00e8poca; constru\u00efren un castell al tossal, establiren el cultiu de l\u2019arr\u00f2s i tamb\u00e9 el de la morera per a la cria del cuc de seda, que fins a finals del segle passat constitu\u00ed la seua principal font de riquesa.<\/p> <p data-start=\"807\" data-end=\"1226\">En la conquesta de la ciutat de X\u00e0tiva, el rei Jaume I assent\u00e0 el seu ex\u00e8rcit a la zona de l\u2019Estapar de l\u2019alqueria de Sellent, i des d\u2019eixe lloc atac\u00e0 X\u00e0tiva, ja que era una pla\u00e7a molt important, que acabaria convertint-se en la segona ciutat del Regne de Val\u00e8ncia. Per a aix\u00f2 f\u00e9u una s\u00e8rie d\u2019incursions contra els musulmans entre els anys 1239 i 1244, ja que era un castell fort, dur i amb grans muralles i torreons.<\/p> <p data-start=\"1228\" data-end=\"1585\">En 1414 pertanyia a Francesc Soler, i poc despr\u00e9s pass\u00e0 a la fam\u00edlia Marrades, que es convertiren en Comtes de Sellent al segle XVII. En 1609 l\u2019alqueria de Sellent qued\u00e0 despoblada com a conseq\u00fc\u00e8ncia de l\u2019expulsi\u00f3 dels moriscos. En el terratr\u00e9mol de 1748, que destru\u00ed el castell de Montesa, s\u2019enderrocaren diverses cases, entre elles el castell senyorial.<\/p>\n<h2><strong>DEMOGRAF\u00cdA<\/strong><\/h2>\n<p data-start=\"89\" data-end=\"550\">L\u2019origen de la poblaci\u00f3 de Sellent \u00e9s morisc, ja que el poble era una alqueria musulmana que es va establir en este lloc cap al segle VIII. En 1239 l\u2019alqueria fou conquerida pel rei Jaume I d\u2019Arag\u00f3. Les primeres dades de la poblaci\u00f3 comencen l\u2019any 1520, amb 34 cases de cristians (136 ve\u00efns). En 1609 l\u2019alqueria qued\u00e0 pr\u00e0cticament despoblada amb l\u2019expulsi\u00f3 dels moriscos, i en 1616 nom\u00e9s hi havia 3 cases ocupades (12 ve\u00efns). En 1630 augment\u00e0 fins a 15 cases.<\/p> <p data-start=\"552\" data-end=\"785\">En 1852 hi havia 58 cases (200 persones). A finals del segle XIX, en 1895, hi havia 360 persones. Comen\u00e7\u00e0 el segle XX amb un cens de 391 ve\u00efns. En 1910 ja eren 415 i en 1920 augmentaren a 447 habitants, passant a 552 ve\u00efns en 1930.<\/p> <p data-start=\"787\" data-end=\"1145\">Va ser en la d\u00e8cada de 1950 a 1960 quan el municipi aconsegu\u00ed el m\u00e0xim nivell de poblaci\u00f3, i la totalitat de les cases de camp estaven habitades, coincidint amb l\u2019\u00e8poca en qu\u00e8 hi havia molt de treball en les faenes agr\u00edcoles. A partir de 1960 pat\u00ed la p\u00e8rdua de poblaci\u00f3 per l\u2019emigraci\u00f3 cap a les zones industrialitzades, el que es coneix com l\u2019\u00e8xode rural.<\/p>","_links":{"self":[{"href":"https:\/\/sellent.es\/es\/wp-json\/wp\/v2\/pages\/3857","targetHints":{"allow":["GET"]}}],"collection":[{"href":"https:\/\/sellent.es\/es\/wp-json\/wp\/v2\/pages"}],"about":[{"href":"https:\/\/sellent.es\/es\/wp-json\/wp\/v2\/types\/page"}],"author":[{"embeddable":true,"href":"https:\/\/sellent.es\/es\/wp-json\/wp\/v2\/users\/1"}],"replies":[{"embeddable":true,"href":"https:\/\/sellent.es\/es\/wp-json\/wp\/v2\/comments?post=3857"}],"version-history":[{"count":20,"href":"https:\/\/sellent.es\/es\/wp-json\/wp\/v2\/pages\/3857\/revisions"}],"predecessor-version":[{"id":4559,"href":"https:\/\/sellent.es\/es\/wp-json\/wp\/v2\/pages\/3857\/revisions\/4559"}],"up":[{"embeddable":true,"href":"https:\/\/sellent.es\/es\/wp-json\/wp\/v2\/pages\/3859"}],"wp:attachment":[{"href":"https:\/\/sellent.es\/es\/wp-json\/wp\/v2\/media?parent=3857"}],"curies":[{"name":"wp","href":"https:\/\/api.w.org\/{rel}","templated":true}]}}