{"id":3869,"date":"2024-09-07T05:07:23","date_gmt":"2024-09-07T05:07:23","guid":{"rendered":"https:\/\/ayto4.accesia.info\/?page_id=3869"},"modified":"2024-10-04T17:25:08","modified_gmt":"2024-10-04T17:25:08","slug":"plens","status":"publish","type":"page","link":"https:\/\/sellent.es\/es\/ajuntament\/plens\/","title":{"rendered":"Plenos"},"content":{"rendered":"<!--themify_builder_content-->\n<div id=\"themify_builder_content-3869\" data-postid=\"3869\" class=\"themify_builder_content themify_builder_content-3869 themify_builder tf_clear\">\n                    <div  data-css_id=\"x3dx116\" data-lazy=\"1\" class=\"module_row themify_builder_row fullwidth_row_container tb_x3dx116 tb_first tf_w wow\" data-tf-animation=\"fadeIn\">\n            <span  class=\"builder_row_cover tf_abs\" data-lazy=\"1\"><\/span>            <div class=\"row_inner col_align_top tb_col_count_1 tf_box tf_rel\">\n                        <div  data-lazy=\"1\" class=\"module_column tb-column col-full tb_n1qs117 first\">\n                    <!-- module text -->\n<div  class=\"module module-text tb_2hag117    wow\" data-tf-animation=\"fadeInUp\" data-lazy=\"1\">\n        <div  class=\"tb_text_wrap\">\n        <h1>Plenos<\/h1>    <\/div>\n<\/div>\n<!-- \/module text -->        <\/div>\n                        <\/div>\n        <\/div>\n                        <div  data-lazy=\"1\" class=\"module_row themify_builder_row tb_7erf158 tf_w\">\n                        <div class=\"row_inner col_align_top tb_col_count_1 tf_box tf_rel\">\n                        <div  data-lazy=\"1\" class=\"module_column tb-column col-full tb_mz87158 first\">\n                    <!-- module widget -->\n<div  class=\"module module-widget tb_ur3l319\" data-lazy=\"1\">\n    <div class=\"widget ptb_recent_entries\"><div class=\"ptb_wrap\"><div  class=\"ptb_loops_shortcode tf_clearfix ptb_loops_wrapper ptb_list-post\" data-type=\"pleno\"><article id=\"post-3943\" class=\"ptb_post tf_clearfix post-3943 pleno type-pleno status-publish hentry has-post-title has-post-date has-post-category has-post-tag has-post-comment has-post-author\">        <div class=\"ptb_items_wrapper entry-content\" itemscope itemtype=\"https:\/\/schema.org\/MediaObject\">\n                                            <div class=\"ptb_first_row ptb_row ptb_pleno_row\">\n                                                                            <div class=\"ptb_col ptb_col1-1 ptb_col_first\">\n                                                                                                            \n                                                <div class=\"ptb_module ptb_title tf_clearfix\"><h2 class=\"ptb_post_title ptb_entry_title\" itemprop=\"name\">\n\t<a href=\"https:\/\/sellent.es\/es\/pleno\/3943-2\/\">Pleno 12\/09\/2024<\/a><\/h2><\/div><!-- .ptb_module.ptb_title -->                                                                                                                    \n                                                <div class=\"ptb_module ptb_event_date ptb_pleno_fecha_de_convocatoria tf_clearfix\"><time class=\"ptb_extra_post_date ptb_extra_post_meta\" datetime=\"2024-09-12\" itemprop=\"datePublished\">\n            Sep 12,2024 @ 00:00        <\/time><\/div><!-- .ptb_module.ptb_event_date.ptb_pleno_fecha_de_convocatoria -->                                                                                                                    \n                                                <div class=\"ptb_module ptb_event_date ptb_pleno_fecha_de_celebraci_n tf_clearfix\"><time class=\"ptb_extra_post_date ptb_extra_post_meta\" datetime=\"2024-09-07\" itemprop=\"datePublished\">\n            Sep 7,2024 @ 14:00        <\/time><\/div><!-- .ptb_module.ptb_event_date.ptb_pleno_fecha_de_celebraci_n -->                                                                                                                    \n                                                <div class=\"ptb_module ptb_textarea ptb_pleno_orden_del_d_a tf_clearfix\"><p>Orden del d\u00eda de ejemplo<\/p><\/div><!-- .ptb_module.ptb_textarea.ptb_pleno_orden_del_d_a -->                                                                                                                    \n                                                <div class=\"ptb_module ptb_file ptb_pleno_adjuntar_actas tf_clearfix\"><ul  class=\"ptb_extra_files ptb_extra_files_list\">\n                                                    <li>\n                    <a   href=\"https:\/\/sellent.es\/wp-content\/uploads\/2024\/09\/5041110540.pdf\">\n\t\t\t\t\t\t\t\t\t\t\t\t<span>Acta de ejemplo<\/span>\n\t\t\t\t\t<\/a>                <\/li>\n                        <\/ul><\/div><!-- .ptb_module.ptb_file.ptb_pleno_adjuntar_actas -->                                                                                                                    \n                                                <div class=\"ptb_module ptb_file ptb_pleno_doc_anexos tf_clearfix\"><ul  class=\"ptb_extra_files ptb_extra_files_list\">\n                                                    <li>\n                    <a   href=\"https:\/\/sellent.es\/wp-content\/uploads\/2024\/09\/CONSULTA-PUBLICA-PREVI-A_Sellent.docx\">\n\t\t\t\t\t\t\t\t\t\t\t\t<span>Anexos de ejemplo<\/span>\n\t\t\t\t\t<\/a>                <\/li>\n                        <\/ul><\/div><!-- .ptb_module.ptb_file.ptb_pleno_doc_anexos -->                                                                                                                    \n                                                <div class=\"ptb_module ptb_video ptb_pleno_video tf_clearfix\"><div class=\"ptb_extra_video ptb_extra_grid  ptb_extra_columns_1 ptb_extra_video_preview ptb_extra_permalink\">\n\t\t\t\t\t\t\t\t<div class=\"ptb_extra_item ptb_extra_video_item\" data-type=\"remote\">\n\t\t\t\t<div class=\"ptb_extra_video_overlay_wrap\">\n\n\t\t\t\t\t\t\t\t\t\t\t<a href=\"https:\/\/sellent.es\/es\/pleno\/3943-2\/\" title=\"Pleno d\u00eda 12 de septiembre\" class=\"ptb_extra_video_overlay\"><\/a>\n\t\t\t\t\t\n\t\t\t\t\t\t\t\t\t\t\t<div class=\"ptb_extra_play_icon ptb_extra_show_video\" data-url=\"\/\/www.youtube.com\/embed\/q60sIUzuEmQ?rel=0&autoplay=1\"><svg  aria-hidden=\"true\" class=\"ptb_fa ptb_fas-play\"><use href=\"#ptb-fas-play\"><\/use><\/svg><\/div>\n\t\t\t\t\t\n\t\t\t\t\t\t\t\t\t\t\t\t\t\t\t\t\t\t<img decoding=\"async\" class=\"ptb_image\" src=\"\/\/i1.ytimg.com\/vi\/q60sIUzuEmQ\/hqdefault.jpg\" alt=\"Ple d\u00eda 12 de septembre\" title=\"Pleno d\u00eda 12 de septiembre\" \/>\n\t\t\t\t\t\t\t\t\t\t\t\n\t\t\t\t<\/div>\n\t\t\t\t<h3 class=\"ptb_extra_video_title\">Pleno d\u00eda 12 de septiembre<\/h3>\t\t\t\t<div class=\"ptb_extra_video_description\">Descripci\u00f3n de ejemplo del Pleno del 12 de septiembre<\/div>\n\t\t\t<\/div>\n\t\t\t<\/div><\/div><!-- .ptb_module.ptb_video.ptb_pleno_video -->                                                                                                                                        <\/div>\n                                                                                        <\/div>\n                          \n        <\/div>  \n        <\/article><\/div><!-- .ptb_loops_wrapper --><\/div><!-- .ptb_wrap --><\/div><\/div>\n<!-- \/module widget -->\n        <\/div>\n                        <\/div>\n        <\/div>\n        <\/div>\n<!--\/themify_builder_content-->","protected":false},"excerpt":{"rendered":"<p>Plens Edita la plantilla PTB Edita Pleno Ple 12\/09\/2024 set. 12,2024 @ 00:00 set. 7,2024 @ 14:00 Ordre del d\u00eda d&#8217;exemple Acta d&#039;exemple Anexos d&#039;exemple Ple d\u00eda 12 de septembre Descripci\u00f3 d&#039;exemple del Ple del 12 de septembre<\/p>","protected":false},"author":1,"featured_media":0,"parent":41,"menu_order":0,"comment_status":"closed","ping_status":"closed","template":"","meta":{"footnotes":""},"class_list":["post-3869","page","type-page","status-publish","hentry","has-post-title","has-post-date","has-post-category","has-post-tag","has-post-comment","has-post-author",""],"builder_content":"<h1>Plens<\/h1>\n<article id=\"post-3943\"> <h2 itemprop=\"name\"> <a href=\"https:\/\/sellent.es\/es\/pleno\/3943-2\/\">Ple 12\/09\/2024<\/a><\/h2> <time datetime=\"2024-09-12\" itemprop=\"datePublished\"> Sep 12,2024 @ 00:00 <\/time> <time datetime=\"2024-09-07\" itemprop=\"datePublished\"> Sep 7,2024 @ 14:00 <\/time> <p>Ordre del d\u00eda d&#8217;exemple<\/p> <ul > <li> <a href=\"https:\/\/sellent.es\/wp-content\/uploads\/2024\/09\/5041110540.pdf\"> Acta d&#039;exemple <\/a> <\/li> <\/ul> <ul > <li> <a href=\"https:\/\/sellent.es\/wp-content\/uploads\/2024\/09\/CONSULTA-PUBLICA-PREVI-A_Sellent.docx\"> Anexos d&#039;exemple <\/a> <\/li> <\/ul> \n <a href=\"https:\/\/sellent.es\/es\/pleno\/3943-2\/\" title=\"Ple d\u00eda 12 de septembre\"><\/a> <svg aria-hidden=\"true\"><use href=\"#ptb-fas-play\"><\/use><\/svg> <img src=\"\/\/i1.ytimg.com\/vi\/q60sIUzuEmQ\/hqdefault.jpg\" alt=\"Ple d\u00eda 12 de septembre\" title=\"Ple d\u00eda 12 de septembre\" \/> <h3>Ple d\u00eda 12 de septembre<\/h3> Descripci\u00f3 d&#039;exemple del Ple del 12 de septembre <\/article>","_links":{"self":[{"href":"https:\/\/sellent.es\/es\/wp-json\/wp\/v2\/pages\/3869","targetHints":{"allow":["GET"]}}],"collection":[{"href":"https:\/\/sellent.es\/es\/wp-json\/wp\/v2\/pages"}],"about":[{"href":"https:\/\/sellent.es\/es\/wp-json\/wp\/v2\/types\/page"}],"author":[{"embeddable":true,"href":"https:\/\/sellent.es\/es\/wp-json\/wp\/v2\/users\/1"}],"replies":[{"embeddable":true,"href":"https:\/\/sellent.es\/es\/wp-json\/wp\/v2\/comments?post=3869"}],"version-history":[{"count":14,"href":"https:\/\/sellent.es\/es\/wp-json\/wp\/v2\/pages\/3869\/revisions"}],"predecessor-version":[{"id":4289,"href":"https:\/\/sellent.es\/es\/wp-json\/wp\/v2\/pages\/3869\/revisions\/4289"}],"up":[{"embeddable":true,"href":"https:\/\/sellent.es\/es\/wp-json\/wp\/v2\/pages\/41"}],"wp:attachment":[{"href":"https:\/\/sellent.es\/es\/wp-json\/wp\/v2\/media?parent=3869"}],"curies":[{"name":"wp","href":"https:\/\/api.w.org\/{rel}","templated":true}]}}