{"id":39,"date":"2016-12-28T05:25:41","date_gmt":"2016-12-28T05:25:41","guid":{"rendered":"https:\/\/ayto4.accesia.info\/?page_id=39"},"modified":"2024-10-04T17:42:57","modified_gmt":"2024-10-04T17:42:57","slug":"contacte","status":"publish","type":"page","link":"https:\/\/sellent.es\/es\/contacte\/","title":{"rendered":"Contacto"},"content":{"rendered":"<!--themify_builder_content-->\n<div id=\"themify_builder_content-39\" data-postid=\"39\" class=\"themify_builder_content themify_builder_content-39 themify_builder tf_clear\">\n                    <div  data-css_id=\"lesw781\" data-lazy=\"1\" class=\"module_row themify_builder_row fullwidth_row_container tb_lesw781 tb_first tf_w wow\" data-tf-animation=\"fadeIn\">\n            <span  class=\"builder_row_cover tf_abs\" data-lazy=\"1\"><\/span>            <div class=\"row_inner col_align_top tb_col_count_1 tf_box tf_rel\">\n                        <div  data-lazy=\"1\" class=\"module_column tb-column col-full tb_ui40781 first\">\n                    <!-- module text -->\n<div  class=\"module module-text tb_so3w781    wow\" data-tf-animation=\"fadeInUp\" data-lazy=\"1\">\n        <div  class=\"tb_text_wrap\">\n        <h1>Contacte<\/h1>    <\/div>\n<\/div>\n<!-- \/module text -->        <\/div>\n                        <\/div>\n        <\/div>\n                        <div  data-lazy=\"1\" class=\"module_row themify_builder_row tb_i35c781 tf_w\">\n                        <div class=\"row_inner col_align_top tb_col_count_2 tf_box tf_rel\">\n                        <div  data-lazy=\"1\" class=\"module_column tb-column col4-2 tb_qhfr781 first\">\n                    <!-- module text -->\n<div  class=\"module module-text tb_jn48781    wow\" data-tf-animation=\"fadeInRight\" data-lazy=\"1\">\n        <div  class=\"tb_text_wrap\">\n        <h3>Informaci\u00f3 de contacte<\/h3>    <\/div>\n<\/div>\n<!-- \/module text --><!-- module icon -->\n<div  class=\"module module-icon tb_5ery781    icon_horizontal  wow\" data-tf-animation=\"fadeInRight\" data-lazy=\"1\">\n\t\t\t<div class=\"module-icon-item\">\n\t\t\t\t\t\t\t<a href=\"https:\/\/www.google.es\/maps\/place\/Pla%C3%A7a+Diputaci%C3%B3,+1,+46295+Sellent,+Val%C3%A8ncia\/@39.0310299,-0.589735,17z\/data=!3m1!4b1!4m5!3m4!1s0xd61a0897b7d5eb3:0x27179efdd0daf496!8m2!3d39.0310299!4d-0.5875463?hl=es&#038;shorturl=1\" rel=\"noopener\" target=\"_blank\">\n\t\t\t\t\t\t\t\t\t\t\t\t\t\t\t\t\t<em class=\"tf_box\"\n\t\t\t\t\t\t\t\t\t\t\t\t\t\t\t\t\t><svg  class=\"tf_fa tf-ti-direction\" aria-hidden=\"true\"><use href=\"#tf-ti-direction\"><\/use><\/svg><\/em>\n\t\t\t\t\t\t\t\t\t\t\t\t\t\t\t\t\t\t\t<span> Pla\u00e7a Diputaci\u00f3, 1 Sellent<\/span>\n\t\t\t\t\t\t\t\t\t\t\t\t\t\t\t\t\t<\/a>\n\t\t\t\t\t<\/div>\n\t<\/div>\n<!-- \/module icon -->\n<!-- module icon -->\n<div  class=\"module module-icon tb_nueh678    icon_horizontal  wow\" data-tf-animation=\"fadeInRight\" data-lazy=\"1\">\n\t\t\t<div class=\"module-icon-item\">\n\t\t\t\t\t\t\t<a href=\"tel:962254301\">\n\t\t\t\t\t\t\t\t\t\t\t\t\t\t\t\t\t<em class=\"tf_box\"\n\t\t\t\t\t\t\t\t\t\t\t\t\t\t\t\t\t><svg  class=\"tf_fa tf-fas-phone-alt\" aria-hidden=\"true\"><use href=\"#tf-fas-phone-alt\"><\/use><\/svg><\/em>\n\t\t\t\t\t\t\t\t\t\t\t\t\t\t\t\t\t\t\t<span>962 254 301<\/span>\n\t\t\t\t\t\t\t\t\t\t\t\t\t\t\t\t\t<\/a>\n\t\t\t\t\t<\/div>\n\t<\/div>\n<!-- \/module icon -->\n<!-- module icon -->\n<div  class=\"module module-icon tb_24ip43    icon_horizontal  wow\" data-tf-animation=\"fadeInRight\" data-lazy=\"1\">\n\t\t\t<div class=\"module-icon-item\">\n\t\t\t\t\t\t\t<a href=\"mailto:secretaria@sellent.es\">\n\t\t\t\t\t\t\t\t\t\t\t\t\t\t\t\t\t<em class=\"tf_box\"\n\t\t\t\t\t\t\t\t\t\t\t\t\t\t\t\t\t><svg  class=\"tf_fa tf-la-mail-bulk-solid\" aria-hidden=\"true\"><use href=\"#tf-la-mail-bulk-solid\"><\/use><\/svg><\/em>\n\t\t\t\t\t\t\t\t\t\t\t\t\t\t\t\t\t\t\t<span>secretaria@sellent.es<\/span>\n\t\t\t\t\t\t\t\t\t\t\t\t\t\t\t\t\t<\/a>\n\t\t\t\t\t<\/div>\n\t<\/div>\n<!-- \/module icon -->\n<!-- module icon -->\n<div  class=\"module module-icon tb_70jf443    icon_horizontal  wow\" data-tf-animation=\"fadeInRight\" data-lazy=\"1\">\n\t\t\t<div class=\"module-icon-item\">\n\t\t\t\t\t\t\t\t\t\t\t\t\t\t\t\t<em class=\"tf_box\"\n\t\t\t\t\t\t\t\t\t\t\t\t\t\t\t\t\t><svg  class=\"tf_fa tf-fas-clock\" aria-hidden=\"true\"><use href=\"#tf-fas-clock\"><\/use><\/svg><\/em>\n\t\t\t\t\t\t\t\t\t\t\t\t\t\t\t\t\t\t\t<span>Lunes - Viernes | 09:00 AM - 15:00 PM<\/span>\n\t\t\t\t\t\t\t\t\t\t\t\t\t\t\t<\/div>\n\t<\/div>\n<!-- \/module icon -->\n        <\/div>\n                    <div  data-lazy=\"1\" class=\"module_column tb-column col4-2 tb_5bwd781 last\">\n                    <!-- module text -->\n<div  class=\"module module-text tb_jg4e782    wow\" data-tf-animation=\"fadeInUp\" data-lazy=\"1\">\n        <div  class=\"tb_text_wrap\">\n        <h3 style=\"text-align: left;\"><strong>Formulari de contacte<\/strong><\/h3>    <\/div>\n<\/div>\n<!-- \/module text --><!-- module plain text -->\n<div  class=\"module module-plain-text tb_rp8x276 \" data-lazy=\"1\">\n        <div class=\"tb_text_wrap\">\n    <div class=\"frm_forms  with_frm_style frm_style_estilo-de-formidable\" id=\"frm_form_2_container\" data-token=\"8ce429b470d53edac9d06126eeb75870\">\n<form enctype=\"multipart\/form-data\" method=\"post\" class=\"frm-show-form \" id=\"form_formulario-de-contacto\" data-token=\"8ce429b470d53edac9d06126eeb75870\">\n<div class=\"frm_form_fields \">\n<fieldset>\n<legend class=\"frm_screen_reader\">Formulario de contacto<\/legend>\r\n\r\n<div class=\"frm_fields_container\">\n<input type=\"hidden\" name=\"frm_action\" value=\"create\" \/>\n<input type=\"hidden\" name=\"form_id\" value=\"2\" \/>\n<input type=\"hidden\" name=\"frm_hide_fields_2\" id=\"frm_hide_fields_2\" value=\"\" \/>\n<input type=\"hidden\" name=\"form_key\" value=\"formulario-de-contacto\" \/>\n<input type=\"hidden\" name=\"item_meta[0]\" value=\"\" \/>\n<input type=\"hidden\" id=\"frm_submit_entry_2\" name=\"frm_submit_entry_2\" value=\"e450742a99\" \/><input type=\"hidden\" name=\"_wp_http_referer\" value=\"\/es\/wp-json\/wp\/v2\/pages\/39\" \/><div id=\"frm_field_6_container\" class=\"frm_form_field form-field  frm_required_field frm_top_container frm12 frm_first\">\r\n    <label for=\"field_qh4icy2\" id=\"field_qh4icy2_label\" class=\"frm_primary_label\">Nom\r\n        <span class=\"frm_required\" aria-hidden=\"true\">*<\/span>\r\n    <\/label>\r\n    <input type=\"text\" id=\"field_qh4icy2\" name=\"item_meta[6]\" value=\"\"  placeholder=\"Exemple: Maria Gonz\u00e1lez Garc\u00eda\" data-reqmsg=\"Aquest camp no pot estar en blanc.\" aria-required=\"true\" data-invmsg=\"Name no es v\u00e1lido\" aria-invalid=\"false\"   aria-describedby=\"frm_desc_field_qh4icy2\"\/>\r\n    <div class=\"frm_description\" id=\"frm_desc_field_qh4icy2\">Escriu el teu nom complet perqu\u00e8 puguem dirigir-nos a tu correctament.\r\n<\/div>\r\n    \r\n<\/div>\n<div id=\"frm_field_7_container\" class=\"frm_form_field form-field  frm_required_field frm_top_container frm_full\">\r\n    <label for=\"field_29yf4d2\" id=\"field_29yf4d2_label\" class=\"frm_primary_label\">Correu electr\u00f2nic\r\n        <span class=\"frm_required\" aria-hidden=\"true\">*<\/span>\r\n    <\/label>\r\n    <input type=\"email\" id=\"field_29yf4d2\" name=\"item_meta[7]\" value=\"\"  placeholder=\"Exemple: maria@exemple.com\" data-reqmsg=\"Aquest camp no pot estar en blanc.\" aria-required=\"true\" data-invmsg=\"Per favor, introdueix una adre\u00e7a de correu electr\u00f2nic v\u00e0lida.\" aria-invalid=\"false\"   aria-describedby=\"frm_desc_field_29yf4d2\"\/>\r\n    <div class=\"frm_description\" id=\"frm_desc_field_29yf4d2\">Introdueix una adre\u00e7a de correu v\u00e0lida. T'hi respondrem.<\/div>\r\n    \r\n<\/div>\n<div id=\"frm_field_8_container\" class=\"frm_form_field form-field  frm_required_field frm_top_container frm_full\">\r\n    <label for=\"field_e6lis62\" id=\"field_e6lis62_label\" class=\"frm_primary_label\">Assumpte\r\n        <span class=\"frm_required\" aria-hidden=\"true\">*<\/span>\r\n    <\/label>\r\n    <input type=\"text\" id=\"field_e6lis62\" name=\"item_meta[8]\" value=\"\"  placeholder=\"Exemple: Consulta sobre els horaris de l&#039;ajuntament\" data-reqmsg=\"Aquest camp no pot estar en blanc.\" aria-required=\"true\" data-invmsg=\"Subject no es v\u00e1lido\" aria-invalid=\"false\"   aria-describedby=\"frm_desc_field_e6lis62\"\/>\r\n    <div class=\"frm_description\" id=\"frm_desc_field_e6lis62\">Resumeix breument el motiu del teu missatge.<\/div>\r\n    \r\n<\/div>\n<div id=\"frm_field_9_container\" class=\"frm_form_field form-field  frm_required_field frm_top_container frm_full\">\r\n    <label for=\"field_9jv0r12\" id=\"field_9jv0r12_label\" class=\"frm_primary_label\">Missatge\r\n        <span class=\"frm_required\" aria-hidden=\"true\">*<\/span>\r\n    <\/label>\r\n    <textarea name=\"item_meta[9]\" id=\"field_9jv0r12\" rows=\"5\"  placeholder=\"Escriu el teu missatge ac\u00ed...\" data-reqmsg=\"Aquest camp no pot estar en blanc.\" aria-required=\"true\" data-invmsg=\"Missatge no es v\u00e1lido\" aria-invalid=\"false\"   aria-describedby=\"frm_desc_field_9jv0r12\"><\/textarea>\r\n    <div class=\"frm_description\" id=\"frm_desc_field_9jv0r12\">Explica'ns en qu\u00e8 podem ajudar-te. Com m\u00e9s informaci\u00f3 ens dones, millor et podrem respondre.<\/div>\r\n    \r\n<\/div>\n<div id=\"frm_field_10_container\" class=\"frm_form_field form-field  frm_required_field frm_top_container vertical_radio\">\r\n    <div  id=\"field_ik8qt_label\" class=\"frm_primary_label\">\r\n        <span class=\"frm_required\" aria-hidden=\"true\">*<\/span>\r\n    <\/div>\r\n    <div class=\"frm_opt_container\" aria-labelledby=\"field_ik8qt_label\" role=\"group\">\t\t<div class=\"frm_checkbox\" id=\"frm_checkbox_10-0\">\t\t\t<label  for=\"field_ik8qt-0\">\n\t\t\t<input type=\"checkbox\" name=\"item_meta[10][]\" id=\"field_ik8qt-0\" value=\"He llegit i accepte els &lt;a href=&quot;https:\/\/sellent.es\/politica-de-privacitat\/&quot; target=&quot;_blank&quot; rel=&quot;noopener noreferrer&quot;&gt;     termes de privacitat del lloc web.&lt;\/a&gt;\"  data-reqmsg=\"Este campo no pot estar en blanc.\" data-invmsg=\"Este campo no es v\u00e1lido\"   aria-required=\"true\"  \/> He llegit i accepte els <a href=\"https:\/\/sellent.es\/politica-de-privacitat\/\" target=\"_blank\" rel=\"noopener noreferrer\">     termes de privacitat del lloc web.<\/a><\/label><\/div>\n<\/div>\r\n    \r\n    \r\n<\/div>\n<div id=\"frm_field_13_container\" class=\"frm_form_field form-field  frm_none_container\">\n\t<label for=\"cf-turnstile-response\" id=\"field_nx7gj_label\" class=\"frm_primary_label\">Captcha\n\t\t<span class=\"frm_required\" aria-hidden=\"true\"><\/span>\n\t<\/label>\n\t<div  id=\"field_nx7gj\" class=\"frm-cf-turnstile\" data-sitekey=\"0x4AAAAAABlZAPSskTeXdA6o\" data-language=\"es\" data-size=\"normal\" data-theme=\"light\"><\/div>\n\t\n\t\n<\/div>\n<div id=\"frm_field_11_container\" class=\"frm_form_field form-field \">\r\n\t<div class=\"frm_submit\">\r\n\r\n<button class=\"frm_button_submit\" type=\"submit\"  >Enviar<\/button>\r\n\r\n<\/div>\r\n<\/div>\n\t<input type=\"hidden\" name=\"item_key\" value=\"\" \/>\n\t\t\t<div id=\"frm_field_14_container\">\n\t\t\t<label for=\"field_3o2s4\" >\n\t\t\t\tSi eres humano, deja este campo en blanco.\t\t\t<\/label>\n\t\t\t<input  id=\"field_3o2s4\" type=\"text\" class=\"frm_form_field form-field frm_verify\" name=\"item_meta[14]\" value=\"\"  \/>\n\t\t<\/div>\n\t\t<input name=\"frm_state\" type=\"hidden\" value=\"M4vYwsvp\/mnMUVA\/JE8i50DjivHAxishihOiIpuDCxk=\" \/><\/div>\n<\/fieldset>\n<\/div>\n\n<\/form>\n<\/div>\n    <\/div>\n<\/div>\n<!-- \/module plain text -->        <\/div>\n                        <\/div>\n        <\/div>\n        <\/div>\n<!--\/themify_builder_content-->","protected":false},"excerpt":{"rendered":"<p>Contacto Informaci\u00f3n de contacto Plaza Diputaci\u00f3, 1 Sellent 962 254 301 secretaria@sellent.es Lunes \u2013 Viernes | 09:00 AM \u2013 15:00 PM Formulario de contacto<\/p>","protected":false},"author":1,"featured_media":0,"parent":0,"menu_order":0,"comment_status":"closed","ping_status":"closed","template":"","meta":{"footnotes":""},"class_list":["post-39","page","type-page","status-publish","hentry","has-post-title","has-post-date","has-post-category","has-post-tag","has-post-comment","has-post-author",""],"builder_content":"<h1>Contacte<\/h1>\n<h3>Informaci\u00f3 de contacte<\/h3>\n<a href=\"https:\/\/www.google.es\/maps\/place\/Pla%C3%A7a+Diputaci%C3%B3,+1,+46295+Sellent,+Val%C3%A8ncia\/@39.0310299,-0.589735,17z\/data=!3m1!4b1!4m5!3m4!1s0xd61a0897b7d5eb3:0x27179efdd0daf496!8m2!3d39.0310299!4d-0.5875463?hl=es&#038;shorturl=1\" rel=\"noopener\" target=\"_blank\"> <em ><svg aria-hidden=\"true\"><use href=\"#tf-ti-direction\"><\/use><\/svg><\/em> Pla\u00e7a Diputaci\u00f3, 1 Sellent <\/a>\n<a href=\"tel:962254301\"> <em ><svg aria-hidden=\"true\"><use href=\"#tf-fas-phone-alt\"><\/use><\/svg><\/em> 962 254 301 <\/a>\n<a href=\"mailto:secretaria@sellent.es\"> <em ><svg aria-hidden=\"true\"><use href=\"#tf-la-mail-bulk-solid\"><\/use><\/svg><\/em> secretaria@sellent.es <\/a>\n<em ><svg aria-hidden=\"true\"><use href=\"#tf-fas-clock\"><\/use><\/svg><\/em> Lunes - Viernes | 09:00 AM - 15:00 PM\n<h3 style=\"text-align: left;\"><strong>Formulari de contacte<\/strong><\/h3>\n[formidable id=2]","_links":{"self":[{"href":"https:\/\/sellent.es\/es\/wp-json\/wp\/v2\/pages\/39","targetHints":{"allow":["GET"]}}],"collection":[{"href":"https:\/\/sellent.es\/es\/wp-json\/wp\/v2\/pages"}],"about":[{"href":"https:\/\/sellent.es\/es\/wp-json\/wp\/v2\/types\/page"}],"author":[{"embeddable":true,"href":"https:\/\/sellent.es\/es\/wp-json\/wp\/v2\/users\/1"}],"replies":[{"embeddable":true,"href":"https:\/\/sellent.es\/es\/wp-json\/wp\/v2\/comments?post=39"}],"version-history":[{"count":32,"href":"https:\/\/sellent.es\/es\/wp-json\/wp\/v2\/pages\/39\/revisions"}],"predecessor-version":[{"id":4311,"href":"https:\/\/sellent.es\/es\/wp-json\/wp\/v2\/pages\/39\/revisions\/4311"}],"wp:attachment":[{"href":"https:\/\/sellent.es\/es\/wp-json\/wp\/v2\/media?parent=39"}],"curies":[{"name":"wp","href":"https:\/\/api.w.org\/{rel}","templated":true}]}}