{"id":41,"date":"2016-12-28T05:24:23","date_gmt":"2016-12-28T05:24:23","guid":{"rendered":"https:\/\/ayto4.accesia.info\/?page_id=41"},"modified":"2025-01-21T16:39:13","modified_gmt":"2025-01-21T16:39:13","slug":"ajuntament","status":"publish","type":"page","link":"https:\/\/sellent.es\/es\/ajuntament\/","title":{"rendered":"Ayuntamiento"},"content":{"rendered":"<!--themify_builder_content-->\n<div id=\"themify_builder_content-41\" data-postid=\"41\" class=\"themify_builder_content themify_builder_content-41 themify_builder tf_clear\">\n                    <div  data-css_id=\"x3dx116\" data-lazy=\"1\" class=\"module_row themify_builder_row fullwidth_row_container tb_x3dx116 tb_first tf_w wow\" data-tf-animation=\"fadeIn\">\n            <span  class=\"builder_row_cover tf_abs\" data-lazy=\"1\"><\/span>            <div class=\"row_inner col_align_top tb_col_count_1 tf_box tf_rel\">\n                        <div  data-lazy=\"1\" class=\"module_column tb-column col-full tb_n1qs117 first\">\n                    <!-- module text -->\n<div  class=\"module module-text tb_2hag117    wow\" data-tf-animation=\"fadeInUp\" data-lazy=\"1\">\n        <div  class=\"tb_text_wrap\">\n        <h1>Ayuntamiento<\/h1>    <\/div>\n<\/div>\n<!-- \/module text -->        <\/div>\n                        <\/div>\n        <\/div>\n                        <div  data-lazy=\"1\" class=\"module_row themify_builder_row tb_2dl7941 tf_w\">\n                        <div class=\"row_inner col_align_top tb_col_count_1 tf_box tf_rel\">\n                        <div  data-lazy=\"1\" class=\"module_column tb-column col-full tb_di5a941 first\">\n                            <div  data-lazy=\"1\" class=\"module_subrow themify_builder_sub_row tf_w col_align_top tb_col_count_2 tb_gid9941\">\n                <div  data-lazy=\"1\" class=\"module_column sub_column col4-2 tb_cutt941 first\">\n                    <!-- module image -->\n<div  class=\"module module-image tb_mn8x941 image-center   tf_mw wow\" data-tf-animation=\"fadeInRight\" data-lazy=\"1\">\n        <div class=\"image-wrap tf_rel tf_mw\">\n            <a href=\"https:\/\/sellent.es\/es\/ajuntament\/salutacio-de-lalcalde\/\">\n                   <img decoding=\"async\" src=\"https:\/\/sellent.es\/wp-content\/uploads\/2024\/09\/saludo-destacado.svg\" width=\"90\" class=\"wp-post-image wp-image-4142\" title=\"Saludo de la Alcald\u00eda\" alt=\"Missatge oficial de l&#039;alcaldia per als ve\u00efns i ve\u00efnes, destacant els objectius i el comprom\u00eds amb el municipi.\">        <\/a>\n    \n        <\/div>\n    <!-- \/image-wrap -->\n    \n        <div class=\"image-content\">\n                    <h3 class=\"image-title\">\n                                    <a href=\"https:\/\/sellent.es\/es\/ajuntament\/salutacio-de-lalcalde\/\">\n                        Saludo de la Alcald\u00eda                    <\/a>\n                            <\/h3>\n                        <div class=\"image-caption tb_text_wrap\">\n            Mensaje oficial de la alcald\u00eda para vecinos y vecinas, destacando los objetivos y el compromiso con el municipio.        <\/div>\n        <!-- \/image-caption -->\n            <\/div>\n    <!-- \/image-content -->\n        <\/div>\n<!-- \/module image -->        <\/div>\n                    <div  data-lazy=\"1\" class=\"module_column sub_column col4-2 tb_zoy9941 last\">\n                    <!-- module image -->\n<div  class=\"module module-image tb_c111941 image-center   tf_mw wow\" data-tf-animation=\"fadeInRight\" data-lazy=\"1\">\n        <div class=\"image-wrap tf_rel tf_mw\">\n            <a href=\"https:\/\/sellent.es\/es\/ajuntament\/corporacio-municipal\/\">\n                   <img decoding=\"async\" src=\"https:\/\/sellent.es\/wp-content\/uploads\/2024\/09\/corporacion-municipal-destacado.svg\" width=\"90\" class=\"wp-post-image wp-image-4160\" title=\"Corporaci\u00f3n municipal\" alt=\"Llistat dels membres de l&#039;equip de govern i altres c\u00e0rrecs p\u00fablics que formen part de la corporaci\u00f3 municipal.\">        <\/a>\n    \n        <\/div>\n    <!-- \/image-wrap -->\n    \n        <div class=\"image-content\">\n                    <h3 class=\"image-title\">\n                                    <a href=\"https:\/\/sellent.es\/es\/ajuntament\/corporacio-municipal\/\">\n                        Corporaci\u00f3n municipal                    <\/a>\n                            <\/h3>\n                        <div class=\"image-caption tb_text_wrap\">\n            Listado de los miembros del equipo de gobierno y otros cargos p\u00fablicos que forman parte de la Corporaci\u00f3n Municipal.        <\/div>\n        <!-- \/image-caption -->\n            <\/div>\n    <!-- \/image-content -->\n        <\/div>\n<!-- \/module image -->        <\/div>\n                    <\/div>\n                <div  data-lazy=\"1\" class=\"module_subrow themify_builder_sub_row tf_w col_align_top tb_col_count_3 tb_r5w0813\">\n                <div  data-lazy=\"1\" class=\"module_column sub_column col3-1 tb_56cx813 first\">\n                    <!-- module image -->\n<div  class=\"module module-image tb_l86h813 image-center   tf_mw wow\" data-tf-animation=\"fadeInLeft\" data-lazy=\"1\">\n        <div class=\"image-wrap tf_rel tf_mw\">\n            <a href=\"https:\/\/sellent.es\/es\/ajuntament\/transparencia\/\">\n                   <img decoding=\"async\" src=\"https:\/\/sellent.es\/wp-content\/uploads\/2024\/09\/transparencia-destacados.svg\" width=\"90\" class=\"wp-post-image wp-image-4140\" title=\"Transparencia\" alt=\"Acc\u00e9s a informaci\u00f3 sobre la gesti\u00f3 p\u00fablica, incloent-hi dades econ\u00f2miques, contractacions i decisions administratives.\">        <\/a>\n    \n        <\/div>\n    <!-- \/image-wrap -->\n    \n        <div class=\"image-content\">\n                    <h3 class=\"image-title\">\n                                    <a href=\"https:\/\/sellent.es\/es\/ajuntament\/transparencia\/\">\n                        Transparencia                    <\/a>\n                            <\/h3>\n                        <div class=\"image-caption tb_text_wrap\">\n            Acceso a informaci\u00f3n sobre la gesti\u00f3n p\u00fablica, incluyendo datos econ\u00f3micos, contrataciones y decisiones administrativas.        <\/div>\n        <!-- \/image-caption -->\n            <\/div>\n    <!-- \/image-content -->\n        <\/div>\n<!-- \/module image -->        <\/div>\n                    <div  data-lazy=\"1\" class=\"module_column sub_column col3-1 tb_cz55813\">\n                    <!-- module image -->\n<div  class=\"module module-image tb_r64x399 image-center   tf_mw wow\" data-tf-animation=\"fadeInLeft\" data-lazy=\"1\">\n        <div class=\"image-wrap tf_rel tf_mw\">\n            <a href=\"https:\/\/sellent.es\/es\/ajuntament\/ban-per-telegram\/\">\n                   <img decoding=\"async\" src=\"https:\/\/sellent.es\/wp-content\/uploads\/2024\/09\/telegram-destacados.svg\" width=\"90\" class=\"wp-post-image wp-image-4167\" title=\"Bando por telegram\" alt=\"Canal de comunicaci\u00f3 a trav\u00e9s de l&#039;aplicaci\u00f3 Telegram per a mantenir la ciutadania informada amb bans oficials.\">        <\/a>\n    \n        <\/div>\n    <!-- \/image-wrap -->\n    \n        <div class=\"image-content\">\n                    <h3 class=\"image-title\">\n                                    <a href=\"https:\/\/sellent.es\/es\/ajuntament\/ban-per-telegram\/\">\n                        Bando por telegram                    <\/a>\n                            <\/h3>\n                        <div class=\"image-caption tb_text_wrap\">\n            Canal de comunicaci\u00f3n a trav\u00e9s de la aplicaci\u00f3n Telegram para mantener a la ciudadan\u00eda informada con bandos oficiales.        <\/div>\n        <!-- \/image-caption -->\n            <\/div>\n    <!-- \/image-content -->\n        <\/div>\n<!-- \/module image -->        <\/div>\n                    <div  data-lazy=\"1\" class=\"module_column sub_column col3-1 tb_414t998 last\">\n                    <!-- module image -->\n<div  class=\"module module-image tb_csfa813 image-center   tf_mw wow\" data-tf-animation=\"fadeInLeft\" data-lazy=\"1\">\n        <div class=\"image-wrap tf_rel tf_mw\">\n            <a href=\"https:\/\/sellent.es\/es\/ajuntament\/projectes-municipals-i-subvencions\/\">\n                   <img decoding=\"async\" src=\"https:\/\/sellent.es\/wp-content\/uploads\/2024\/11\/subv-destacados.svg\" width=\"90\" class=\"wp-post-image wp-image-4423\" title=\"Proyectos municipales y subvenciones\" alt=\"Descobreix els projectes impulsats pel nostre ajuntament i les subvencions disponibles per als ve\u00efns de Sellent.\">        <\/a>\n    \n        <\/div>\n    <!-- \/image-wrap -->\n    \n        <div class=\"image-content\">\n                    <h3 class=\"image-title\">\n                                    <a href=\"https:\/\/sellent.es\/es\/ajuntament\/projectes-municipals-i-subvencions\/\">\n                        Proyectos municipales y subvenciones                    <\/a>\n                            <\/h3>\n                        <div class=\"image-caption tb_text_wrap\">\n            Descubre los proyectos impulsados por nuestro ayuntamiento y las subvenciones disponibles para vecinos de Sellent.        <\/div>\n        <!-- \/image-caption -->\n            <\/div>\n    <!-- \/image-content -->\n        <\/div>\n<!-- \/module image -->        <\/div>\n                    <\/div>\n                <\/div>\n                        <\/div>\n        <\/div>\n        <\/div>\n<!--\/themify_builder_content-->","protected":false},"excerpt":{"rendered":"<p>Ajuntament Salutaci\u00f3 de l&#8217;Alcald\u00eda Missatge oficial de l&#8217;alcaldia per als ve\u00efns i ve\u00efnes, destacant els objectius i el comprom\u00eds amb el municipi. Corporaci\u00f3 municipal Llistat dels membres de l&#8217;equip de govern i altres c\u00e0rrecs p\u00fablics que formen part de la corporaci\u00f3 municipal. Transparencia Acc\u00e9s a informaci\u00f3 sobre la gesti\u00f3 p\u00fablica, incloent-hi dades econ\u00f2miques, contractacions i [&hellip;]<\/p>\n","protected":false},"author":1,"featured_media":0,"parent":0,"menu_order":0,"comment_status":"closed","ping_status":"closed","template":"","meta":{"footnotes":""},"class_list":["post-41","page","type-page","status-publish","hentry","has-post-title","has-post-date","has-post-category","has-post-tag","has-post-comment","has-post-author",""],"builder_content":"<h1>Ajuntament<\/h1>\n<a href=\"https:\/\/sellent.es\/ajuntament\/salutacio-de-lalcalde\/\"> <img src=\"https:\/\/sellent.es\/wp-content\/uploads\/2024\/09\/saludo-destacado.svg\" width=\"90\" title=\"Salutaci\u00f3 de l&#039;Alcald\u00eda\" alt=\"Missatge oficial de l&#039;alcaldia per als ve\u00efns i ve\u00efnes, destacant els objectius i el comprom\u00eds amb el municipi.\"> <\/a> <h3> <a href=\"https:\/\/sellent.es\/ajuntament\/salutacio-de-lalcalde\/\"> Salutaci\u00f3 de l'Alcald\u00eda <\/a> <\/h3> Missatge oficial de l'alcaldia per als ve\u00efns i ve\u00efnes, destacant els objectius i el comprom\u00eds amb el municipi.\n<a href=\"https:\/\/sellent.es\/ajuntament\/corporacio-municipal\/\"> <img src=\"https:\/\/sellent.es\/wp-content\/uploads\/2024\/09\/corporacion-municipal-destacado.svg\" width=\"90\" title=\"Corporaci\u00f3 municipal\" alt=\"Llistat dels membres de l&#039;equip de govern i altres c\u00e0rrecs p\u00fablics que formen part de la corporaci\u00f3 municipal.\"> <\/a> <h3> <a href=\"https:\/\/sellent.es\/ajuntament\/corporacio-municipal\/\"> Corporaci\u00f3 municipal <\/a> <\/h3> Llistat dels membres de l'equip de govern i altres c\u00e0rrecs p\u00fablics que formen part de la corporaci\u00f3 municipal.\n<a href=\"https:\/\/sellent.es\/ajuntament\/transparencia\/\"> <img src=\"https:\/\/sellent.es\/wp-content\/uploads\/2024\/09\/transparencia-destacados.svg\" width=\"90\" title=\"Transparencia\" alt=\"Acc\u00e9s a informaci\u00f3 sobre la gesti\u00f3 p\u00fablica, incloent-hi dades econ\u00f2miques, contractacions i decisions administratives.\"> <\/a> <h3> <a href=\"https:\/\/sellent.es\/ajuntament\/transparencia\/\"> Transparencia <\/a> <\/h3> Acc\u00e9s a informaci\u00f3 sobre la gesti\u00f3 p\u00fablica, incloent-hi dades econ\u00f2miques, contractacions i decisions administratives.\n<a href=\"https:\/\/sellent.es\/ajuntament\/ban-per-telegram\/\"> <img src=\"https:\/\/sellent.es\/wp-content\/uploads\/2024\/09\/telegram-destacados.svg\" width=\"90\" title=\"Bando por telegram\" alt=\"Canal de comunicaci\u00f3 a trav\u00e9s de l&#039;aplicaci\u00f3 Telegram per a mantenir la ciutadania informada amb bans oficials.\"> <\/a> <h3> <a href=\"https:\/\/sellent.es\/ajuntament\/ban-per-telegram\/\"> Bando por telegram <\/a> <\/h3> Canal de comunicaci\u00f3 a trav\u00e9s de l'aplicaci\u00f3 Telegram per a mantenir la ciutadania informada amb bans oficials.\n<a href=\"https:\/\/sellent.es\/ajuntament\/projectes-municipals-i-subvencions\/\"> <img src=\"https:\/\/sellent.es\/wp-content\/uploads\/2024\/11\/subv-destacados.svg\" width=\"90\" title=\"Projectes municipals i subvencions\" alt=\"Descobreix els projectes impulsats pel nostre ajuntament i les subvencions disponibles per als ve\u00efns de Sellent.\"> <\/a> <h3> <a href=\"https:\/\/sellent.es\/ajuntament\/projectes-municipals-i-subvencions\/\"> Projectes municipals i subvencions <\/a> <\/h3> Descobreix els projectes impulsats pel nostre ajuntament i les subvencions disponibles per als ve\u00efns de Sellent.\n<a href=\"https:\/\/sellent.es\/ajuntament\/salutacio-de-lalcalde\/\"> <img src=\"https:\/\/sellent.es\/wp-content\/uploads\/2024\/09\/saludo-destacado.svg\" width=\"90\" title=\"Salutaci\u00f3 de l&#039;Alcald\u00eda\" alt=\"Missatge oficial de l&#039;alcaldia per als ve\u00efns i ve\u00efnes, destacant els objectius i el comprom\u00eds amb el municipi.\"> <\/a> <h3> <a href=\"https:\/\/sellent.es\/ajuntament\/salutacio-de-lalcalde\/\"> Salutaci\u00f3 de l'Alcald\u00eda <\/a> <\/h3> Missatge oficial de l'alcaldia per als ve\u00efns i ve\u00efnes, destacant els objectius i el comprom\u00eds amb el municipi.\n<a href=\"https:\/\/sellent.es\/ajuntament\/corporacio-municipal\/\"> <img src=\"https:\/\/sellent.es\/wp-content\/uploads\/2024\/09\/corporacion-municipal-destacado.svg\" width=\"90\" title=\"Corporaci\u00f3 municipal\" alt=\"Llistat dels membres de l&#039;equip de govern i altres c\u00e0rrecs p\u00fablics que formen part de la corporaci\u00f3 municipal.\"> <\/a> <h3> <a href=\"https:\/\/sellent.es\/ajuntament\/corporacio-municipal\/\"> Corporaci\u00f3 municipal <\/a> <\/h3> Llistat dels membres de l'equip de govern i altres c\u00e0rrecs p\u00fablics que formen part de la corporaci\u00f3 municipal.\n<a href=\"https:\/\/sellent.es\/ajuntament\/plens\/\"> <img src=\"https:\/\/sellent.es\/wp-content\/uploads\/2024\/09\/plenos-destacados.svg\" width=\"90\" title=\"Plens\" alt=\"Agenda, actes i documents relatius a les sessions plen\u00e0ries del consistori.\"> <\/a> <h3> <a href=\"https:\/\/sellent.es\/ajuntament\/plens\/\"> Plens <\/a> <\/h3> Agenda, actes i documents relatius a les sessions plen\u00e0ries del consistori.\n<a href=\"https:\/\/sellent.es\/ajuntament\/projectes-municipals-i-subvencions\/\"> <img src=\"https:\/\/sellent.es\/wp-content\/uploads\/2024\/09\/proyectos-destacados.svg\" width=\"90\" title=\"Projectes municipals i subvencions\" alt=\"Informaci\u00f3 detallada sobre els projectes que s&#039;estan desenvolupant a Sellent i les subvencions rebudes per a impulsar-los.\"> <\/a> <h3> <a href=\"https:\/\/sellent.es\/ajuntament\/projectes-municipals-i-subvencions\/\"> Projectes municipals i subvencions <\/a> <\/h3> Informaci\u00f3 detallada sobre els projectes que s'estan desenvolupant a Sellent i les subvencions rebudes per a impulsar-los.\n<a href=\"https:\/\/sellent.es\/ajuntament\/transparencia\/\"> <img src=\"https:\/\/sellent.es\/wp-content\/uploads\/2024\/09\/transparencia-destacados.svg\" width=\"90\" title=\"Transparencia\" alt=\"Acc\u00e9s a informaci\u00f3 sobre la gesti\u00f3 p\u00fablica, incloent-hi dades econ\u00f2miques, contractacions i decisions administratives.\"> <\/a> <h3> <a href=\"https:\/\/sellent.es\/ajuntament\/transparencia\/\"> Transparencia <\/a> <\/h3> Acc\u00e9s a informaci\u00f3 sobre la gesti\u00f3 p\u00fablica, incloent-hi dades econ\u00f2miques, contractacions i decisions administratives.\n<a href=\"https:\/\/sellent.es\/ajuntament\/ban-per-telegram\/\"> <img src=\"https:\/\/sellent.es\/wp-content\/uploads\/2024\/09\/telegram-destacados.svg\" width=\"90\" title=\"Ban per telegram\" alt=\"Canal de comunicaci\u00f3 a trav\u00e9s de l&#039;aplicaci\u00f3 Telegram per a mantenir la ciutadania informada amb bans oficials.\"> <\/a> <h3> <a href=\"https:\/\/sellent.es\/ajuntament\/ban-per-telegram\/\"> Ban per telegram <\/a> <\/h3> Canal de comunicaci\u00f3 a trav\u00e9s de l'aplicaci\u00f3 Telegram per a mantenir la ciutadania informada amb bans oficials.","_links":{"self":[{"href":"https:\/\/sellent.es\/es\/wp-json\/wp\/v2\/pages\/41","targetHints":{"allow":["GET"]}}],"collection":[{"href":"https:\/\/sellent.es\/es\/wp-json\/wp\/v2\/pages"}],"about":[{"href":"https:\/\/sellent.es\/es\/wp-json\/wp\/v2\/types\/page"}],"author":[{"embeddable":true,"href":"https:\/\/sellent.es\/es\/wp-json\/wp\/v2\/users\/1"}],"replies":[{"embeddable":true,"href":"https:\/\/sellent.es\/es\/wp-json\/wp\/v2\/comments?post=41"}],"version-history":[{"count":51,"href":"https:\/\/sellent.es\/es\/wp-json\/wp\/v2\/pages\/41\/revisions"}],"predecessor-version":[{"id":4473,"href":"https:\/\/sellent.es\/es\/wp-json\/wp\/v2\/pages\/41\/revisions\/4473"}],"wp:attachment":[{"href":"https:\/\/sellent.es\/es\/wp-json\/wp\/v2\/media?parent=41"}],"curies":[{"name":"wp","href":"https:\/\/api.w.org\/{rel}","templated":true}]}}